{"id":1013,"date":"2018-08-29T16:32:53","date_gmt":"2018-08-29T19:32:53","guid":{"rendered":"https:\/\/isfd51-bue.infd.edu.ar\/sitio\/profesorado-de-educacion-secundaria-en-lengua-y-literatura\/"},"modified":"2020-10-19T23:08:44","modified_gmt":"2020-10-20T02:08:44","slug":"profesorado-de-educacion-secundaria-en-lengua-y-literatura","status":"publish","type":"page","link":"https:\/\/isfd51-bue.infd.edu.ar\/sitio\/profesorado-de-educacion-secundaria-en-lengua-y-literatura\/","title":{"rendered":"PROFESORADO DE  EDUCACION SECUNDARIA EN LENGUA Y LITERATURA &#8211; Resol. 2789\/09 y 29\/3"},"content":{"rendered":"<ul>\n<li style=\"list-style-type: none;\">\n<ul>\n<li><strong style=\"color: #cc6600; font-family: Arial; font-size: 12pt;\"><span style=\"color: #000000;\"><a href=\"https:\/\/drive.google.com\/file\/d\/0B0etI-o_vUkCc0J2T1UzTWhxYkk\/view?usp=sharing\" target=\"_blank\" rel=\"noopener\">Criterios de aprobaci\u00f3n del Espacio de la Pr\u00e1ctica Docente\u00a0<\/a><\/span><\/strong><\/li>\n<li><strong style=\"color: #cc6600; font-family: Arial; font-size: 12pt;\"><span style=\"color: #000000;\"><a href=\"https:\/\/drive.google.com\/file\/d\/0B0etI-o_vUkCMzdWS214T2JobnM\/view?usp=sharing\" target=\"_blank\" rel=\"noopener\">R\u00e9gimen de correlatividades<\/a>\u00a0(tener en cuenta que para cursar materias de\u00a0tercer a\u00f1o tienen que tener todas las materias de primer a\u00f1o acreditadas, para cursar materias de cuarto a\u00f1o tienen que tener acreditadas todas las materias de segundo a\u00f1o)<\/span><\/strong><\/li>\n<\/ul>\n<\/li>\n<\/ul>\n<p><span lang=\"ES-TRAD\"><span style=\"font-size: 10pt;\"><span style=\"font-family: arial,helvetica,sans-serif;\"><span style=\"font-size: 12pt;\"><span style=\"mso-tab-count: 6;\">\u00a0 <\/span><\/span><\/span><\/span><\/span><\/p>\n<table width=\"307\">\n<tbody>\n<tr>\n<td width=\"34\">A\u00d1O<\/td>\n<td width=\"273\">ESPACIO<\/td>\n<\/tr>\n<tr>\n<td>1er<\/td>\n<td>PERSPEC FILOS\u00d3FICA-PEDAG\u00d3GICA I<\/td>\n<\/tr>\n<tr>\n<td><\/td>\n<td>PERSPECTIVA PEDAG\u00d3GICA-DID\u00c1CTICA I<\/td>\n<\/tr>\n<tr>\n<td><\/td>\n<td>PERSPECTIVA SOCIO-POL\u00cdTICA<\/td>\n<\/tr>\n<tr>\n<td><\/td>\n<td>PSICOLOG CULTURA EN LA EDUCACI\u00d3N<\/td>\n<\/tr>\n<tr>\n<td><\/td>\n<td>TEOR\u00cdA LITERARIA I<\/td>\n<\/tr>\n<tr>\n<td><\/td>\n<td>HIS SOCIAL Y CULTURAL DE LA LITERAT. I<\/td>\n<\/tr>\n<tr>\n<td><\/td>\n<td width=\"273\">LING GRAM TEX\u00a0 INT LA PSICO Y SOCIOLING\u00dc\u00cdSTICA<\/td>\n<\/tr>\n<tr>\n<td><\/td>\n<td>LENGUA, LITERATURA Y SU ENS I<\/td>\n<\/tr>\n<tr>\n<td><\/td>\n<td width=\"273\">T DE LECTURA ESCRITURA Y PR\u00c1C DE LA LENG ORAL<\/td>\n<\/tr>\n<tr>\n<td><\/td>\n<td>ESPACIO DE LA PR\u00c1CTICA DOCENTE I<\/td>\n<\/tr>\n<tr>\n<td><\/td>\n<td><\/td>\n<\/tr>\n<tr>\n<td>2do<\/td>\n<td>PERSPEC FILOS\u00d3FICA-PEDAG\u00d3GICA II<\/td>\n<\/tr>\n<tr>\n<td><\/td>\n<td>PERSPEC PEDAG\u00d3GICA-DID\u00c1CTICA II<\/td>\n<\/tr>\n<tr>\n<td><\/td>\n<td width=\"273\">PSICOL Y CULT EN LA EDUC DEL ALUMNO<\/td>\n<\/tr>\n<tr>\n<td><\/td>\n<td>TEOR\u00cdA LITERARIA II<\/td>\n<\/tr>\n<tr>\n<td><\/td>\n<td width=\"273\">HISTORIA SOCIAL Y CULTURAL DE LA LITERATURA II<\/td>\n<\/tr>\n<tr>\n<td><\/td>\n<td>SEMI\u00d3TICA I<\/td>\n<\/tr>\n<tr>\n<td><\/td>\n<td>LING\u00dc\u00cdSTICA Y GRAM\u00c1TICA II<\/td>\n<\/tr>\n<tr>\n<td><\/td>\n<td>LENGUAS CL\u00c1SICAS I<\/td>\n<\/tr>\n<tr>\n<td><\/td>\n<td>LENGUA, LITERAT Y SU ENSE\u00d1ANZA II<\/td>\n<\/tr>\n<tr>\n<td><\/td>\n<td>ESPACIO DE DEF INSTITUCIONAL I<\/td>\n<\/tr>\n<tr>\n<td><\/td>\n<td>ESPACIO DE LA PR\u00c1CTICA DOCENTE II<\/td>\n<\/tr>\n<tr>\n<td><\/td>\n<td><\/td>\n<\/tr>\n<tr>\n<td>3ro<\/td>\n<td width=\"273\">PERSP FILOS\u00d3F-PEDAG-DID\u00c1CTICA<\/td>\n<\/tr>\n<tr>\n<td><\/td>\n<td>PERSPECTIVA POL\u00cdTICA INSTITUCIONAL<\/td>\n<\/tr>\n<tr>\n<td><\/td>\n<td>TEOR\u00cdA LITERARIA III<\/td>\n<\/tr>\n<tr>\n<td><\/td>\n<td>HIST SOCIAL Y CULTURAL DE LA LIT III<\/td>\n<\/tr>\n<tr>\n<td><\/td>\n<td>SEMI\u00d3TICA II<\/td>\n<\/tr>\n<tr>\n<td><\/td>\n<td>LING\u00dc\u00cdSTICA Y GRAM\u00c1TICA III<\/td>\n<\/tr>\n<tr>\n<td><\/td>\n<td>LENGUAS CL\u00c1SICAS II<\/td>\n<\/tr>\n<tr>\n<td><\/td>\n<td width=\"273\">PRIMER NIVEL DE LENGUA EXTR.: PORTUGU\u00c9S<\/td>\n<\/tr>\n<tr>\n<td><\/td>\n<td>ESPACIO DE DEF INSTITUCIONAL II<\/td>\n<\/tr>\n<tr>\n<td><\/td>\n<td>ESPACIO DE LA PR\u00c1CTICA DOCENTE III<\/td>\n<\/tr>\n<tr>\n<td><\/td>\n<td><\/td>\n<\/tr>\n<tr>\n<td>4to<\/td>\n<td>TEOR\u00cdA LITERARIA IV<\/td>\n<\/tr>\n<tr>\n<td><\/td>\n<td>HIST SOCIAL Y CULTURAL DE LA LIT IV<\/td>\n<\/tr>\n<tr>\n<td><\/td>\n<td>LING\u00dc\u00cdSTICA Y GRAM\u00c1TICA IV<\/td>\n<\/tr>\n<tr>\n<td><\/td>\n<td>PSICOLING\u00dc\u00cdSTICA<\/td>\n<\/tr>\n<tr>\n<td><\/td>\n<td>SOCIOLING\u00dc\u00cdSTICA<\/td>\n<\/tr>\n<tr>\n<td><\/td>\n<td width=\"273\">SEG NIV DE LENG EXTRANJ PORTUG<\/td>\n<\/tr>\n<tr>\n<td><\/td>\n<td width=\"273\">ESPAC DE DEF INSTITUCIONAL III<\/td>\n<\/tr>\n<tr>\n<td><\/td>\n<td>ESPACIO DE LA PR\u00c1CTICA IV<\/td>\n<\/tr>\n<\/tbody>\n<\/table>\n<p>&nbsp;<\/p>\n<p><span lang=\"ES-TRAD\"><span style=\"font-size: 10pt;\"><span style=\"font-family: arial,helvetica,sans-serif;\"><span style=\"font-size: 12pt;\"><span style=\"mso-tab-count: 6;\">\u00a0Planilla de inscripci\u00f3n A5 \u00a0 \u00a0 <\/span><\/span><\/span><\/span><\/span><\/p>\n<p style=\"margin-right: 20px;\"><span lang=\"ES-TRAD\"><span style=\"font-size: 10pt;\"><span style=\"font-family: arial,helvetica,sans-serif;\"><span style=\"font-size: 12pt;\"><span style=\"mso-tab-count: 6;\">\u00a0 \u00a0 \u00a0 \u00a0 \u00a0 \u00a0 \u00a0 \u00a0 \u00a0 \u00a0 \u00a0 \u00a0\u00a0<\/span><\/span><\/span><\/span><\/span><\/p>\n<p><span style=\"font-family: arial,helvetica,sans-serif;\"><span style=\"font-size: 12pt;\">\u00a0<\/span><\/span><\/p>\n","protected":false},"excerpt":{"rendered":"<p>Criterios de aprobaci\u00f3n del Espacio de la Pr\u00e1ctica Docente\u00a0 R\u00e9gimen de correlatividades\u00a0(tener en cuenta que para cursar materias de\u00a0tercer a\u00f1o tienen que tener todas las materias de primer a\u00f1o acreditadas, para cursar materias de cuarto a\u00f1o tienen que tener acreditadas todas las materias de segundo a\u00f1o) \u00a0 A\u00d1O ESPACIO 1er PERSPEC FILOS\u00d3FICA-PEDAG\u00d3GICA I PERSPECTIVA PEDAG\u00d3GICA-DID\u00c1CTICA &#8230; <a title=\"PROFESORADO DE  EDUCACION SECUNDARIA EN LENGUA Y LITERATURA &#8211; Resol. 2789\/09 y 29\/3\" class=\"read-more\" href=\"https:\/\/isfd51-bue.infd.edu.ar\/sitio\/profesorado-de-educacion-secundaria-en-lengua-y-literatura\/\" aria-label=\"More on PROFESORADO DE  EDUCACION SECUNDARIA EN LENGUA Y LITERATURA &#8211; Resol. 2789\/09 y 29\/3\">[+]<\/a><\/p>\n","protected":false},"author":2074,"featured_media":0,"parent":0,"menu_order":0,"comment_status":"closed","ping_status":"closed","template":"","meta":[],"acf":[],"_links":{"self":[{"href":"https:\/\/isfd51-bue.infd.edu.ar\/sitio\/wp-json\/wp\/v2\/pages\/1013"}],"collection":[{"href":"https:\/\/isfd51-bue.infd.edu.ar\/sitio\/wp-json\/wp\/v2\/pages"}],"about":[{"href":"https:\/\/isfd51-bue.infd.edu.ar\/sitio\/wp-json\/wp\/v2\/types\/page"}],"author":[{"embeddable":true,"href":"https:\/\/isfd51-bue.infd.edu.ar\/sitio\/wp-json\/wp\/v2\/users\/2074"}],"replies":[{"embeddable":true,"href":"https:\/\/isfd51-bue.infd.edu.ar\/sitio\/wp-json\/wp\/v2\/comments?post=1013"}],"version-history":[{"count":6,"href":"https:\/\/isfd51-bue.infd.edu.ar\/sitio\/wp-json\/wp\/v2\/pages\/1013\/revisions"}],"predecessor-version":[{"id":1330,"href":"https:\/\/isfd51-bue.infd.edu.ar\/sitio\/wp-json\/wp\/v2\/pages\/1013\/revisions\/1330"}],"wp:attachment":[{"href":"https:\/\/isfd51-bue.infd.edu.ar\/sitio\/wp-json\/wp\/v2\/media?parent=1013"}],"curies":[{"name":"wp","href":"https:\/\/api.w.org\/{rel}","templated":true}]}}