{"id":1015,"date":"2018-08-29T16:32:54","date_gmt":"2018-08-29T19:32:54","guid":{"rendered":"https:\/\/isfd51-bue.infd.edu.ar\/sitio\/profesorado-de-educacion-secundaria-en-biologia\/"},"modified":"2024-01-15T11:51:25","modified_gmt":"2024-01-15T14:51:25","slug":"profesorado-de-educacion-secundaria-en-biologia","status":"publish","type":"page","link":"https:\/\/isfd51-bue.infd.edu.ar\/sitio\/profesorado-de-educacion-secundaria-en-biologia\/","title":{"rendered":"PROFESORADO DE EDUCACI\u00d3N SECUNDARIA EN BIOLOGIA &#8211; Resol. 2789\/09 y 31\/03"},"content":{"rendered":"<ul>\n<li style=\"list-style-type: none;\">\n<ul>\n<li><span style=\"font-size: 12pt;\"><a href=\"https:\/\/drive.google.com\/file\/d\/0B0etI-o_vUkCXzN5ZVFuclE2RUU\/view?usp=sharing\" target=\"_blank\" rel=\"noopener\">Criterios de acreditaci\u00f3n del Espacio de la Pr\u00e1ctica Docente<\/a><\/span><\/li>\n<li><span style=\"font-size: 12pt;\"><a href=\"https:\/\/isfd51-bue.infd.edu.ar\/sitio\/wp-content\/uploads\/2020\/10\/correlatividades-PFBIO.pdf\" target=\"_blank\" rel=\"noopener\">R\u00e9gimen de correlatividades<\/a>\u00a0(tener en cuenta que para cursar materias de\u00a0tercer a\u00f1o tienen que tener todas las materias de primer a\u00f1o acreditadas, para cursar materias de cuarto a\u00f1o tienen que tener acreditadas todas las materias de segundo a\u00f1o)<\/span><\/li>\n<\/ul>\n<\/li>\n<\/ul>\n<p><span style=\"font-size: 12pt;\" data-mce-mark=\"1\"><span style=\"text-decoration: underline;\" data-mce-mark=\"1\">Plan de estudios RES. N\u00ba Res.N\u00b0 13259-99 (PLAN DEROGADO)<\/span><\/span><\/p>\n<table width=\"412\">\n<tbody>\n<tr>\n<td rowspan=\"2\" width=\"74\">A\u00d1O<\/td>\n<td rowspan=\"2\" width=\"338\">ESPACIO<\/td>\n<\/tr>\n<tr>\n<td><\/td>\n<td><\/td>\n<\/tr>\n<tr>\n<td>1er<\/td>\n<td>PERS.\u00a0 FILOS\u00d3FICA PEDAG\u00d3G. I<\/td>\n<\/tr>\n<tr>\n<td><\/td>\n<td>PERSP. PEDAG\u00d3GICA DID\u00c1CTICA I<\/td>\n<\/tr>\n<tr>\n<td><\/td>\n<td>PERSPECTIVA SOCIO POL\u00cdTICA<\/td>\n<\/tr>\n<tr>\n<td><\/td>\n<td>PSICO. Y CULT. DE LA EDUCACI\u00d3N<\/td>\n<\/tr>\n<tr>\n<td><\/td>\n<td>F\u00cdSICA Y ELEM. DE AST. Y LAB. I<\/td>\n<\/tr>\n<tr>\n<td><\/td>\n<td>QU\u00cdMICA Y LABORATORIO I<\/td>\n<\/tr>\n<tr>\n<td><\/td>\n<td>BIOLOG\u00cdA Y LABORATORIO I<\/td>\n<\/tr>\n<tr>\n<td><\/td>\n<td>MATEM\u00c1TICA INSTRUMENTAL I<\/td>\n<\/tr>\n<tr>\n<td><\/td>\n<td>INTEGRACI\u00d3N AREAL I<\/td>\n<\/tr>\n<tr>\n<td><\/td>\n<td>ESPACIO DE LA PR\u00c1CTICA DOCENTE I<\/td>\n<\/tr>\n<tr>\n<td><\/td>\n<td><\/td>\n<\/tr>\n<tr>\n<td>2do<\/td>\n<td>PERS. FILOS\u00d3FICA PEDAG\u00d3G. II<\/td>\n<\/tr>\n<tr>\n<td><\/td>\n<td>PERSP, PEDAG\u00d3GICA DIDACT II<\/td>\n<\/tr>\n<tr>\n<td><\/td>\n<td>PSICO. Y CULTURA DEL ALUMNO<\/td>\n<\/tr>\n<tr>\n<td><\/td>\n<td>F\u00cdSICA Y ELEM. DE AST. Y LAB. II<\/td>\n<\/tr>\n<tr>\n<td><\/td>\n<td>QU\u00cdMICA Y LABORATORIO II<\/td>\n<\/tr>\n<tr>\n<td><\/td>\n<td>BIOLOG\u00cdA Y LABORATORIO II<\/td>\n<\/tr>\n<tr>\n<td><\/td>\n<td>CIENCIAS DE LA TIERRA<\/td>\n<\/tr>\n<tr>\n<td><\/td>\n<td>MATEM. INSTRUM II E INF APLIC<\/td>\n<\/tr>\n<tr>\n<td><\/td>\n<td>INTEGRACI\u00d3N AREAL II<\/td>\n<\/tr>\n<tr>\n<td><\/td>\n<td>ESPACIO DE LA PR\u00c1CT. DOCENTE II<\/td>\n<\/tr>\n<tr>\n<td><\/td>\n<td><\/td>\n<\/tr>\n<tr>\n<td>3ro<\/td>\n<td>PERSPECTIVA FILO PEDAG DID\u00c1CTICA<\/td>\n<\/tr>\n<tr>\n<td><\/td>\n<td>PERSPECTICA POL\u00cdT. INSTITUCIONAL<\/td>\n<\/tr>\n<tr>\n<td><\/td>\n<td>BIOLOG\u00cdA CELULAR Y MOLECULAR<\/td>\n<\/tr>\n<tr>\n<td><\/td>\n<td>BIOL. DE LOS ORG, CEL, Y PLANTAS<\/td>\n<\/tr>\n<tr>\n<td><\/td>\n<td width=\"338\">BIOLOG\u00cdA HUMANA<\/td>\n<\/tr>\n<tr>\n<td><\/td>\n<td>BIOLOG\u00cdA DE LOS ANIMALES<\/td>\n<\/tr>\n<tr>\n<td><\/td>\n<td>CIENCIAS NAT. Y SU ENSE\u00d1ANZA<\/td>\n<\/tr>\n<tr>\n<td><\/td>\n<td>F\u00cdSICA BIOL\u00d3GICA Y LABORATORIO<\/td>\n<\/tr>\n<tr>\n<td><\/td>\n<td>QU\u00cdMICA BIOL\u00d3GICA Y LAB.<\/td>\n<\/tr>\n<tr>\n<td><\/td>\n<td>ESPACIO DE DEFINIC. INSTI.<\/td>\n<\/tr>\n<tr>\n<td><\/td>\n<td>ESPACIO DE LA PR\u00c1CT. DOCENTE III<\/td>\n<\/tr>\n<tr>\n<td><\/td>\n<td><\/td>\n<\/tr>\n<tr>\n<td>4to<\/td>\n<td>BIOLOG\u00cdA DEL DESARROLLO ANIMAL<\/td>\n<\/tr>\n<tr>\n<td><\/td>\n<td>ECOLOG\u00cdA<\/td>\n<\/tr>\n<tr>\n<td><\/td>\n<td>EVOLUCI\u00d3N<\/td>\n<\/tr>\n<tr>\n<td><\/td>\n<td>GEN\u00c9TICA MOLECULAR<\/td>\n<\/tr>\n<tr>\n<td><\/td>\n<td>ANATOM\u00cdA COMPARADA<\/td>\n<\/tr>\n<tr>\n<td><\/td>\n<td>BIOLOG\u00cdA Y SU ENSE\u00d1ANZA<\/td>\n<\/tr>\n<tr>\n<td><\/td>\n<td>ANTROPOLOG\u00cdA<\/td>\n<\/tr>\n<tr>\n<td><\/td>\n<td>METOD. DE LA INVESTIGACI\u00d3N<\/td>\n<\/tr>\n<tr>\n<td><\/td>\n<td>ESPACIO DE DEFINIC. INSTIT.<\/td>\n<\/tr>\n<tr>\n<td><\/td>\n<td>ESPACIO DE LA PR\u00c1CT. DOCENTE IV<\/td>\n<\/tr>\n<\/tbody>\n<\/table>\n","protected":false},"excerpt":{"rendered":"<p>Criterios de acreditaci\u00f3n del Espacio de la Pr\u00e1ctica Docente R\u00e9gimen de correlatividades\u00a0(tener en cuenta que para cursar materias de\u00a0tercer a\u00f1o tienen que tener todas las materias de primer a\u00f1o acreditadas, para cursar materias de cuarto a\u00f1o tienen que tener acreditadas todas las materias de segundo a\u00f1o) Plan de estudios RES. N\u00ba Res.N\u00b0 13259-99 (PLAN DEROGADO) &#8230; <a title=\"PROFESORADO DE EDUCACI\u00d3N SECUNDARIA EN BIOLOGIA &#8211; Resol. 2789\/09 y 31\/03\" class=\"read-more\" href=\"https:\/\/isfd51-bue.infd.edu.ar\/sitio\/profesorado-de-educacion-secundaria-en-biologia\/\" aria-label=\"More on PROFESORADO DE EDUCACI\u00d3N SECUNDARIA EN BIOLOGIA &#8211; Resol. 2789\/09 y 31\/03\">[+]<\/a><\/p>\n","protected":false},"author":2074,"featured_media":0,"parent":0,"menu_order":0,"comment_status":"closed","ping_status":"closed","template":"","meta":[],"acf":[],"_links":{"self":[{"href":"https:\/\/isfd51-bue.infd.edu.ar\/sitio\/wp-json\/wp\/v2\/pages\/1015"}],"collection":[{"href":"https:\/\/isfd51-bue.infd.edu.ar\/sitio\/wp-json\/wp\/v2\/pages"}],"about":[{"href":"https:\/\/isfd51-bue.infd.edu.ar\/sitio\/wp-json\/wp\/v2\/types\/page"}],"author":[{"embeddable":true,"href":"https:\/\/isfd51-bue.infd.edu.ar\/sitio\/wp-json\/wp\/v2\/users\/2074"}],"replies":[{"embeddable":true,"href":"https:\/\/isfd51-bue.infd.edu.ar\/sitio\/wp-json\/wp\/v2\/comments?post=1015"}],"version-history":[{"count":9,"href":"https:\/\/isfd51-bue.infd.edu.ar\/sitio\/wp-json\/wp\/v2\/pages\/1015\/revisions"}],"predecessor-version":[{"id":2486,"href":"https:\/\/isfd51-bue.infd.edu.ar\/sitio\/wp-json\/wp\/v2\/pages\/1015\/revisions\/2486"}],"wp:attachment":[{"href":"https:\/\/isfd51-bue.infd.edu.ar\/sitio\/wp-json\/wp\/v2\/media?parent=1015"}],"curies":[{"name":"wp","href":"https:\/\/api.w.org\/{rel}","templated":true}]}}