{"id":1019,"date":"2018-08-29T16:32:55","date_gmt":"2018-08-29T19:32:55","guid":{"rendered":"https:\/\/isfd51-bue.infd.edu.ar\/sitio\/profesorado-de-educacion-secundaria-en-geografia\/"},"modified":"2020-10-19T23:36:59","modified_gmt":"2020-10-20T02:36:59","slug":"profesorado-de-educacion-secundaria-en-geografia","status":"publish","type":"page","link":"https:\/\/isfd51-bue.infd.edu.ar\/sitio\/profesorado-de-educacion-secundaria-en-geografia\/","title":{"rendered":"PROFESORADO DE EDUCACI\u00d3N SECUNDARIA EN GEOGRAF\u00cdA &#8211; Resol 2789\/09 y 26\/03"},"content":{"rendered":"<ul>\n<li style=\"list-style-type: none;\">\n<ul>\n<li><strong style=\"font-size: 10pt;\"><a href=\"https:\/\/drive.google.com\/file\/d\/0B0etI-o_vUkCNTlfUEZFUzRoRk0\/view?usp=sharing\" target=\"_blank\" rel=\"noopener\">Criterios de aprobaci\u00f3n del Espacio de la Pr\u00e1ctica Docente<\/a><\/strong><\/li>\n<li><strong style=\"font-size: 10pt;\"><a href=\"https:\/\/isfd51-bue.infd.edu.ar\/sitio\/wp-content\/uploads\/2020\/10\/CORRELATIVIDADES-PFGEO.pdf\" target=\"_blank\" rel=\"noopener\">R\u00e9gimen de correlatividades<\/a>\u00a0<\/strong><\/li>\n<\/ul>\n<\/li>\n<\/ul>\n<table width=\"459\">\n<tbody>\n<tr>\n<td rowspan=\"2\" width=\"72\">A\u00d1O<\/td>\n<td rowspan=\"2\" width=\"387\">ESPACIO<\/td>\n<\/tr>\n<tr>\n<td><\/td>\n<td><\/td>\n<\/tr>\n<tr>\n<td>1er<\/td>\n<td width=\"387\">PERSP. FILOS\u00d3FICO-PEDAG\u00d3GICO I<\/td>\n<\/tr>\n<tr>\n<td><\/td>\n<td width=\"387\">PERSP. PEDAG\u00d3GICA-DID\u00c1CTICA\u00a0 I<\/td>\n<\/tr>\n<tr>\n<td><\/td>\n<td width=\"387\">PSICOLOG\u00cdA Y CULTURA EN LA EDUC<\/td>\n<\/tr>\n<tr>\n<td><\/td>\n<td width=\"387\">PERSPECTIVA SOCIO-POL\u00cdTICA<\/td>\n<\/tr>\n<tr>\n<td><\/td>\n<td width=\"387\">PERSP ESPAC-TEMP ARG Y AM\u00c9RICA<\/td>\n<\/tr>\n<tr>\n<td><\/td>\n<td width=\"387\">PERSP ESP-TEMPORAL MUNDIAL<\/td>\n<\/tr>\n<tr>\n<td><\/td>\n<td width=\"387\">ANTROPOLOG\u00cdA<\/td>\n<\/tr>\n<tr>\n<td><\/td>\n<td width=\"387\">INTEGRACI\u00d3N AREAL I<\/td>\n<\/tr>\n<tr>\n<td><\/td>\n<td width=\"387\">ESPACIO DE PR\u00c1CTICA DOCENTE I<\/td>\n<\/tr>\n<tr>\n<td><\/td>\n<td width=\"387\"><\/td>\n<\/tr>\n<tr>\n<td>2do<\/td>\n<td width=\"387\">PERSP. FILOS\u00d3FICO-PEDAG\u00d3GICA II<\/td>\n<\/tr>\n<tr>\n<td><\/td>\n<td width=\"387\">PERSP. PEDAG\u00d3GICO-DID\u00c1CTICA\u00a0 II<\/td>\n<\/tr>\n<tr>\n<td><\/td>\n<td width=\"387\">PSIC. Y CULT. DEL ALUMNO<\/td>\n<\/tr>\n<tr>\n<td><\/td>\n<td width=\"387\">PERSPECTIVA AMBIENTAL I<\/td>\n<\/tr>\n<tr>\n<td><\/td>\n<td width=\"387\">PERSPECTIVA SOCIAL<\/td>\n<\/tr>\n<tr>\n<td><\/td>\n<td width=\"387\">ECONOM\u00cdA<\/td>\n<\/tr>\n<tr>\n<td><\/td>\n<td width=\"387\">SOCIOLOG\u00cdA<\/td>\n<\/tr>\n<tr>\n<td><\/td>\n<td width=\"387\">HISTORIA I<\/td>\n<\/tr>\n<tr>\n<td><\/td>\n<td width=\"387\">INTEGRACI\u00d3N AREAL II<\/td>\n<\/tr>\n<tr>\n<td><\/td>\n<td width=\"387\">ESPACIO DE PR\u00c1CTICA DOCENTE II<\/td>\n<\/tr>\n<tr>\n<td><\/td>\n<td width=\"387\"><\/td>\n<\/tr>\n<tr>\n<td>3ro<\/td>\n<td width=\"387\">PERSP. FILOS\u00d3FICO-PED. DID\u00c1CTICA<\/td>\n<\/tr>\n<tr>\n<td><\/td>\n<td width=\"387\">PERSP. POL\u00cdTICA INSTITUCIONAL<\/td>\n<\/tr>\n<tr>\n<td><\/td>\n<td width=\"387\">GEOGRAFIA URBANA Y RURAL<\/td>\n<\/tr>\n<tr>\n<td><\/td>\n<td width=\"387\">GEOGRAFIA POLITICA<\/td>\n<\/tr>\n<tr>\n<td><\/td>\n<td width=\"387\">ORGANIZACION ECONOM. DEL ESPACIO<\/td>\n<\/tr>\n<tr>\n<td><\/td>\n<td width=\"387\">GEOGRAFIA AMBIENTAL II<\/td>\n<\/tr>\n<tr>\n<td><\/td>\n<td width=\"387\">INVESTIGACION GEOGRAFICA I<\/td>\n<\/tr>\n<tr>\n<td><\/td>\n<td width=\"387\">HISTORIA II<\/td>\n<\/tr>\n<tr>\n<td><\/td>\n<td width=\"387\">PROBL. POL. JUR\u00cdDICA Y CIUDADANA<\/td>\n<\/tr>\n<tr>\n<td><\/td>\n<td width=\"387\">EPIST. E HISTORIA DE LAS CS. SOCIALES<\/td>\n<\/tr>\n<tr>\n<td><\/td>\n<td width=\"387\">ESPACIO DE PR\u00c1CTICA DOCENTE III<\/td>\n<\/tr>\n<tr>\n<td><\/td>\n<td width=\"387\"><\/td>\n<\/tr>\n<tr>\n<td>4to<\/td>\n<td width=\"387\">PROBLEMAS ESPACIALES MUNDIALES<\/td>\n<\/tr>\n<tr>\n<td><\/td>\n<td width=\"387\">PROBLEMAS ESPACILES AMERICANOS<\/td>\n<\/tr>\n<tr>\n<td><\/td>\n<td width=\"387\">ORG. DEL ESPACIO ARGENTINO<\/td>\n<\/tr>\n<tr>\n<td><\/td>\n<td width=\"387\">INVESTIGACI\u00d3N GEOGRAFICA II<\/td>\n<\/tr>\n<tr>\n<td><\/td>\n<td width=\"387\">HISTORIA III<\/td>\n<\/tr>\n<tr>\n<td><\/td>\n<td width=\"387\">ESPACIO DE DEF. INSTITUCIONAL<\/td>\n<\/tr>\n<tr>\n<td><\/td>\n<td width=\"387\">ESPACIO DE PR\u00c1CTICA DOCENTE IV<\/td>\n<\/tr>\n<\/tbody>\n<\/table>\n<p>&nbsp;<\/p>\n<p><span style=\"font-size: 12pt;\">\u00a0Planilla de inscripci\u00f3n A5<\/span><\/p>\n","protected":false},"excerpt":{"rendered":"<p>Criterios de aprobaci\u00f3n del Espacio de la Pr\u00e1ctica Docente R\u00e9gimen de correlatividades\u00a0 A\u00d1O ESPACIO 1er PERSP. FILOS\u00d3FICO-PEDAG\u00d3GICO I PERSP. PEDAG\u00d3GICA-DID\u00c1CTICA\u00a0 I PSICOLOG\u00cdA Y CULTURA EN LA EDUC PERSPECTIVA SOCIO-POL\u00cdTICA PERSP ESPAC-TEMP ARG Y AM\u00c9RICA PERSP ESP-TEMPORAL MUNDIAL ANTROPOLOG\u00cdA INTEGRACI\u00d3N AREAL I ESPACIO DE PR\u00c1CTICA DOCENTE I 2do PERSP. FILOS\u00d3FICO-PEDAG\u00d3GICA II PERSP. PEDAG\u00d3GICO-DID\u00c1CTICA\u00a0 II PSIC. Y &#8230; <a title=\"PROFESORADO DE EDUCACI\u00d3N SECUNDARIA EN GEOGRAF\u00cdA &#8211; Resol 2789\/09 y 26\/03\" class=\"read-more\" href=\"https:\/\/isfd51-bue.infd.edu.ar\/sitio\/profesorado-de-educacion-secundaria-en-geografia\/\" aria-label=\"More on PROFESORADO DE EDUCACI\u00d3N SECUNDARIA EN GEOGRAF\u00cdA &#8211; Resol 2789\/09 y 26\/03\">[+]<\/a><\/p>\n","protected":false},"author":2074,"featured_media":0,"parent":0,"menu_order":0,"comment_status":"closed","ping_status":"closed","template":"","meta":[],"acf":[],"_links":{"self":[{"href":"https:\/\/isfd51-bue.infd.edu.ar\/sitio\/wp-json\/wp\/v2\/pages\/1019"}],"collection":[{"href":"https:\/\/isfd51-bue.infd.edu.ar\/sitio\/wp-json\/wp\/v2\/pages"}],"about":[{"href":"https:\/\/isfd51-bue.infd.edu.ar\/sitio\/wp-json\/wp\/v2\/types\/page"}],"author":[{"embeddable":true,"href":"https:\/\/isfd51-bue.infd.edu.ar\/sitio\/wp-json\/wp\/v2\/users\/2074"}],"replies":[{"embeddable":true,"href":"https:\/\/isfd51-bue.infd.edu.ar\/sitio\/wp-json\/wp\/v2\/comments?post=1019"}],"version-history":[{"count":5,"href":"https:\/\/isfd51-bue.infd.edu.ar\/sitio\/wp-json\/wp\/v2\/pages\/1019\/revisions"}],"predecessor-version":[{"id":1345,"href":"https:\/\/isfd51-bue.infd.edu.ar\/sitio\/wp-json\/wp\/v2\/pages\/1019\/revisions\/1345"}],"wp:attachment":[{"href":"https:\/\/isfd51-bue.infd.edu.ar\/sitio\/wp-json\/wp\/v2\/media?parent=1019"}],"curies":[{"name":"wp","href":"https:\/\/api.w.org\/{rel}","templated":true}]}}