{"id":1042,"date":"2018-08-29T16:33:04","date_gmt":"2018-08-29T19:33:04","guid":{"rendered":"https:\/\/isfd51-bue.infd.edu.ar\/sitio\/tramites-administrativos\/"},"modified":"2020-11-04T20:36:03","modified_gmt":"2020-11-04T23:36:03","slug":"tramites-administrativos","status":"publish","type":"page","link":"https:\/\/isfd51-bue.infd.edu.ar\/sitio\/tramites-administrativos\/","title":{"rendered":"Tr\u00e1mites administrativos"},"content":{"rendered":"<table style=\"width: 100%;\" border=\"0\">\n<tbody>\n<tr>\n<td style=\"width: 96%;\" colspan=\"2\">\n<h2 style=\"text-align: center; padding-bottom: 0px; margin-top: 0px; margin-bottom: 0px; background-color: #18dee6;\"><span style=\"font-size: 14pt;\" data-mce-mark=\"1\">Constancias para descargar<\/span><\/h2>\n<\/td>\n<\/tr>\n<tr>\n<td style=\"width: 96%;\" colspan=\"2\"><\/td>\n<\/tr>\n<tr>\n<td style=\"width: 96%;\" colspan=\"2\">\n<ul>\n<li style=\"text-align: center;\">\u00a0<span style=\"font-size: 12pt;\">Requisitos y planilla de inscripci\u00f3n para los ingresantes: <a title=\"Informaci\u00f3n general\" href=\"index.cgi?wid_item=31&amp;wid_seccion=1\" target=\"_blank\" rel=\"noopener\">AC\u00c1<\/a><\/span><\/li>\n<\/ul>\n<p><span style=\"font-size: 12pt;\">Planilla de Inscripci\u00f3n por carrera:<\/span><\/p>\n<p>Profesorado de Educaci\u00f3n Inicial:\u00a0 <a href=\"https:\/\/isfd51-bue.infd.edu.ar\/sitio\/wp-content\/uploads\/2019\/10\/A1_-INICIAL-2020.doc\">A1_-INICIAL<\/a><\/p>\n<p><span style=\"font-family: inherit; font-size: inherit;\">Profesorado de Educaci\u00f3n Primaria: <a href=\"https:\/\/isfd51-bue.infd.edu.ar\/sitio\/wp-content\/uploads\/2019\/10\/A1_-PRIMARIA-2020.doc\">A1_-PRIMARIA<\/a><\/span><\/p>\n<p><span style=\"font-size: 12pt;\">Profesorado de Educaci\u00f3n Secundaria en Lengua y Literatura: <a href=\"https:\/\/isfd51-bue.infd.edu.ar\/sitio\/wp-content\/uploads\/2019\/10\/A1_-LENGUA-2020.doc\">A1_-LENGUA<\/a><\/span><\/p>\n<p><span style=\"font-family: inherit; font-size: inherit;\">Profesorado de Educaci\u00f3n Secundaria en Biolog\u00eda: <a href=\"https:\/\/isfd51-bue.infd.edu.ar\/sitio\/wp-content\/uploads\/2018\/11\/A1_-BIO.doc\">A1_-BIO<\/a><\/span><\/p>\n<p><span style=\"font-family: inherit; font-size: inherit;\">Profesorado de Educaci\u00f3n Secundaria en Historia: <a href=\"https:\/\/isfd51-bue.infd.edu.ar\/sitio\/wp-content\/uploads\/2019\/10\/A1_-HISTORIA-2020.doc\">A1_-HIS<\/a><\/span><\/p>\n<p><span style=\"font-family: inherit; font-size: inherit;\">Profesorado de Educaci\u00f3n Secundaria en Geograf\u00eda: <a href=\"https:\/\/isfd51-bue.infd.edu.ar\/sitio\/wp-content\/uploads\/2019\/10\/A1_-GEOGRAFIA-2020.doc\">A1_-GEO<\/a><\/span><\/p>\n<p>Profesorado de Educaci\u00f3n Secundaria en Matem\u00e1tica:\u00a0<a href=\"https:\/\/isfd51-bue.infd.edu.ar\/sitio\/wp-content\/uploads\/2019\/10\/A1_-MATEMATICA-2020.doc\">A1_-MAT<\/a><\/p>\n<p>Profesorado de Educaci\u00f3n Especial:\u00a0<a href=\"https:\/\/isfd51-bue.infd.edu.ar\/sitio\/wp-content\/uploads\/2019\/10\/A1_-ESPECIAL-2020.doc\">A1_-ESPECIAL<\/a><\/td>\n<\/tr>\n<tr>\n<td style=\"width: 96%;\" colspan=\"2\"><\/td>\n<\/tr>\n<tr>\n<td style=\"text-align: center; width: 96%;\" colspan=\"2\"><strong style=\"font-size: 12pt; background-color: #9eebee;\">Certificado de alumno regular<\/strong><\/p>\n<p style=\"text-align: justify;\"><span style=\"font-size: 10pt;\" data-mce-mark=\"1\">El alumno\/a cumplimenta la cantidad de formularios que necesita, todos en original, indicando apellido y nombres, carrera que cursa, materia, a\u00f1o y los entregas en preceptor\u00eda.<\/span><\/p>\n<p style=\"text-align: justify;\"><span style=\"font-size: 10pt;\" data-mce-mark=\"1\">Preceptor\u00eda verifica los datos y remite los formularios a la autoridad correspondiente para su firma.<\/span><\/p>\n<p style=\"text-align: justify;\"><span style=\"font-size: 10pt;\" data-mce-mark=\"1\">Al retirarlo, el alumno\/a verifica la informaci\u00f3n entregada<\/span><\/p>\n<p style=\"text-align: justify;\"><span style=\"font-size: 10pt;\" data-mce-mark=\"1\">Cada original estar\u00e1 firmado por el secretario\/a, regente o director\/a y para ser considerado v\u00e1lido debe poseer el sello de aclaraci\u00f3n del firmante y el sello del establecimiento que lo emite.<\/span><\/p>\n<\/td>\n<\/tr>\n<tr>\n<td style=\"width: 10%;\">\n<div style=\"text-align: center;\"><a href=\"#\"><img decoding=\"async\" loading=\"lazy\" src=\"https:\/\/isfd51-bue.infd.edu.ar\/sitio\/wp-content\/uploads\/2018\/08\/306aJH8NjU0WEimagen_incrustada1.jpg\" width=\"60\" height=\"60\" border=\"0\" \/><\/a><\/div>\n<\/td>\n<td style=\"width: 86%;\"><a title=\"Alumno Regular\" href=\"upload\/ALUMNOREGULAR.doc\" target=\"_blank\" rel=\"noopener\">Certificado de alumno regular<\/a><\/td>\n<\/tr>\n<tr>\n<td style=\"text-align: center; width: 96%;\" colspan=\"2\"><strong><span style=\"font-size: 14pt; background-color: #9eebee;\" data-mce-mark=\"1\"><span style=\"font-size: 12pt;\" data-mce-mark=\"1\">Certificado de ex\u00e1men parcial o final<\/span>\u00a0<\/span><\/strong><\/p>\n<p style=\"text-align: justify;\"><span style=\"font-size: 10pt;\" data-mce-mark=\"1\">El alumno\/a cumplimenta la cantidad de formularios que necesita indicando apellido y nombres, carrera, a\u00f1o, espacio\/perspectiva\/asignatura que va a acreditar, y se los da al profesor\/a para su firma. Al finalizar la instancia de acreditaci\u00f3n, los entrega en Preceptor\u00eda<\/span><\/p>\n<p style=\"text-align: justify;\"><span style=\"font-size: 10pt;\" data-mce-mark=\"1\">Preceptor\u00eda verifica los datos los entregas a la autoridad correspondiente para su firma.<\/span><\/p>\n<p style=\"text-align: justify;\"><span style=\"font-size: 10pt;\" data-mce-mark=\"1\">Al retirarlo, el alumno\/a verifica la informaci\u00f3n entregada<\/span><\/p>\n<p style=\"text-align: justify;\"><span style=\"font-size: 10pt;\" data-mce-mark=\"1\">Modelo de formulario original:Debe ser cumplimentado por el alumno\/a sin omitir ning\u00fan dato.<\/span><\/p>\n<p style=\"text-align: justify;\"><span style=\"font-size: 10pt;\" data-mce-mark=\"1\">Se confeccionar\u00e1n tantos ejemplares como el alumno\/a necesite, todos en original. Cada original estar\u00e1 firmado por el profesor\/a y por el secretario\/a, regente o director\/a\u00a0<\/span><\/p>\n<\/td>\n<\/tr>\n<tr>\n<td style=\"width: 10%;\">\n<div style=\"text-align: center;\"><a href=\"#\"><img decoding=\"async\" loading=\"lazy\" src=\"https:\/\/isfd51-bue.infd.edu.ar\/sitio\/wp-content\/uploads\/2018\/08\/nBTSAEPamH8oimagen_incrustada2.jpg\" width=\"60\" height=\"60\" border=\"0\" \/><\/a><a href=\"#\"><br \/>\n<\/a><\/div>\n<\/td>\n<td style=\"width: 86%;\"><a title=\"Ex\u00e1menes\" href=\"upload\/constancia_a_examenes.docx\" target=\"_blank\" rel=\"noopener\">Certificado de ex\u00e1men parcial o final<\/a><\/td>\n<\/tr>\n<tr>\n<td style=\"text-align: center; width: 96%;\" colspan=\"2\"><strong><span style=\"font-size: 12pt; background-color: #9eebee;\">Certificaci\u00f3n para observaciones, pr\u00e1cticas, campamentos, trabajos pr\u00e1cticos obligatorios y\/o salidas did\u00e1cticas<\/span><\/strong><\/p>\n<p style=\"text-align: justify;\"><span style=\"font-size: 13.3333330154419px;\">El alumno\/a completa el formulario,\u00a0<\/span><span style=\"font-size: 13.3333330154419px;\">especificando todos los datos personales, carrera, a\u00f1o, divisi\u00f3n,<\/span><span style=\"font-size: 13.3333330154419px;\">\u00a0y lo entrega en Preceptor\u00eda luego de realizar las observaciones, pr\u00e1cticas, residencia, campamentos, trabajos pr\u00e1cticos obligatorios y\/o salidas did\u00e1cticas a fin de justificar una inasistencia.<\/span><\/p>\n<p style=\"text-align: justify;\"><span style=\"font-size: 13.3333330154419px;\">Tener en cuenta que al completar el formulario debe:<\/span><\/p>\n<p style=\"text-align: justify;\"><span style=\"font-size: 13.3333330154419px;\">Tachar lo que no corresponda: realizar\u00e1\/ ha realizado\/ Observaciones\/ Pr\u00e1cticas docentes\/<\/span><span style=\"font-size: 13.3333330154419px;\">Residencia\/ Campamento\/ Trabajo pr\u00e1ctico obligatorio\/ salidas did\u00e1cticas.<\/span><\/p>\n<p style=\"text-align: justify;\"><span style=\"font-size: 13.3333330154419px;\">Especificar claramente el per\u00edodo de la actividad, el establecimiento donde se realizar\u00e1, el curso, la divisi\u00f3n y los horarios.<\/span><\/p>\n<p style=\"text-align: justify;\"><span style=\"font-size: 13.3333330154419px;\">Consignar lugar y fecha de emisi\u00f3n.<\/span><\/p>\n<p style=\"text-align: left;\"><span style=\"font-size: 13.3333330154419px;\">Al retirarlo, el alumno\/a verificar\u00e1 la informaci\u00f3n consignada<\/span><\/p>\n<p style=\"text-align: justify;\"><span style=\"font-size: 13.3333330154419px;\">Estar\u00e1 firmado por el secretario\/a, regente o director\/a, para ser considerado v\u00e1lido, debe poseer el sello de aclaraci\u00f3n del firmante y el sello del establecimiento que lo emite<\/span><\/p>\n<\/td>\n<\/tr>\n<tr>\n<td style=\"width: 10%;\">\n<div style=\"text-align: center;\"><a href=\"#\"><img decoding=\"async\" loading=\"lazy\" src=\"https:\/\/isfd51-bue.infd.edu.ar\/sitio\/wp-content\/uploads\/2018\/08\/MpkYSCXn16DOimagen_incrustada3.jpg\" width=\"60\" height=\"60\" border=\"0\" \/><\/a><a href=\"#\"><br \/>\n<\/a><\/div>\n<\/td>\n<td style=\"width: 86%;\"><a title=\"Pr\u00e1cticas\" href=\"upload\/Constancias_de_pr%E1cticas.doc\" target=\"_blank\" rel=\"noopener\">Certificaci\u00f3n para observaciones, pr\u00e1cticas,<br \/>\ncampamentos, trabajos pr\u00e1cticos obligatorios y\/o<br \/>\nsalidas did\u00e1cticas<\/a><\/td>\n<\/tr>\n<tr>\n<td style=\"text-align: center; width: 96%;\" colspan=\"2\"><span style=\"font-size: 12pt;\" data-mce-mark=\"1\"><strong><span style=\"background-color: #9eebee;\" data-mce-mark=\"1\">Equivalencias\u00a0<\/span><\/strong><\/span><\/p>\n<p style=\"text-align: justify;\"><span style=\"font-size: 10pt;\" data-mce-mark=\"1\">Reglamento de Institutos Superiores. Resoluci\u00f3n N\u00ba 4043\/09.<\/span><\/p>\n<p style=\"text-align: justify;\"><span style=\"font-size: 10pt;\" data-mce-mark=\"1\">Desarrollo del procedimiento<\/span><\/p>\n<p style=\"text-align: justify;\"><span style=\"font-size: 10pt;\" data-mce-mark=\"1\">El alumno\/a que solicita equivalencias deber\u00e1 presentar, en el mes de mayo de cada ciclo lectivo:<\/span><\/p>\n<p style=\"text-align: justify;\"><span style=\"font-size: 10pt;\" data-mce-mark=\"1\">El resumen de solicitud de equivalencia\u00a0<\/span><\/p>\n<p style=\"text-align: justify;\"><span style=\"font-size: 10pt;\" data-mce-mark=\"1\">La solicitud de equivalencia por asignatura y\/o perspectiva\u00a0<\/span><\/p>\n<p style=\"text-align: justify;\"><span style=\"font-size: 10pt;\" data-mce-mark=\"1\">El certificado de materias aprobadas\u00a0 original extendido por la instituci\u00f3n de Educaci\u00f3n Superior que corresponda.<\/span><\/p>\n<p style=\"text-align: justify;\"><span style=\"font-size: 10pt;\" data-mce-mark=\"1\">Los programas originales de las asignaturas que presenta para el otorgamiento de la equivalencia, debidamente certificados.<\/span><\/p>\n<p style=\"text-align: justify;\"><span style=\"font-size: 10pt;\" data-mce-mark=\"1\">Cumplimentado en su totalidad el legajo por el cuerpo docente, el jefe de \u00e1rea o quien corresponda solicitar\u00e1 el aval del equipo directivo a los criterios emitidos por los docentes y se completar\u00e1 con la firma de los directivos el tr\u00e1mite de equivalencias.\u00a0<\/span><\/p>\n<\/td>\n<\/tr>\n<tr>\n<td style=\"width: 10%;\">\n<div style=\"text-align: center;\"><a href=\"#\"><img decoding=\"async\" loading=\"lazy\" src=\"https:\/\/isfd51-bue.infd.edu.ar\/sitio\/wp-content\/uploads\/2018\/08\/QMPg66IDougYimagen_incrustada4.jpg\" width=\"60\" height=\"60\" border=\"0\" \/><\/a><a href=\"#\"><br \/>\n<\/a><\/div>\n<\/td>\n<td style=\"width: 86%;\"><a title=\"Equivalencias\" href=\"upload\/equivalencia.doc\" target=\"_blank\" rel=\"noopener\">Equivalencias<\/a><\/p>\n<p><a title=\"clic para bajar constancia\" href=\"https:\/\/drive.google.com\/file\/d\/0B0etI-o_vUkCdU92aGtFSlRHdXM\/view?usp=sharing\" target=\"_blank\" rel=\"noopener\">Solicitud de equivalencias<\/a>: Planilla resumen<\/td>\n<\/tr>\n<tr>\n<td style=\"text-align: center; width: 96%;\" colspan=\"2\"><strong><span style=\"font-size: 12pt; background-color: #9eebee;\" data-mce-mark=\"1\">Certificaci\u00f3n de porcentaje de materias aprobadas<\/span><\/strong><\/p>\n<p style=\"text-align: justify;\"><span style=\"font-size: 10pt;\" data-mce-mark=\"1\">El alumno\/a solicita el certificado con una anticipaci\u00f3n acorde con los plazos fijados por la instituci\u00f3n. \u00a0\u00a0<\/span><\/p>\n<p style=\"text-align: justify;\"><span style=\"font-size: 10pt;\" data-mce-mark=\"1\">Requisitos para su cumplimentaci\u00f3n: para obtener el porcentaje solicitado se tendr\u00e1n en\u00a0<\/span><span style=\"font-size: 10pt;\" data-mce-mark=\"1\">cuenta solamente las materias o perspectivas que el alumno\/a haya aprobado en relaci\u00f3n con\u00a0<\/span><span style=\"font-size: 10pt;\" data-mce-mark=\"1\">la totalidad del plan de estudios, no consider\u00e1ndose a este fin las cursadas y no acreditadas.<\/span><\/p>\n<p style=\"text-align: justify;\"><span style=\"font-size: 10pt;\" data-mce-mark=\"1\">Al retirarlo, el alumno\/a verifica la informaci\u00f3n entregada<\/span><\/p>\n<p style=\"text-align: justify;\"><span style=\"font-size: 10pt;\" data-mce-mark=\"1\">Estar\u00e1 firmado por el secretario\/a, regente o director\/a y para ser considerado v\u00e1lido debe\u00a0<\/span><span style=\"font-size: 10pt;\" data-mce-mark=\"1\">poseer el sello de aclaraci\u00f3n del firmante y el sello del establecimiento que lo emite<\/span><\/p>\n<\/td>\n<\/tr>\n<tr>\n<td style=\"width: 96%;\" colspan=\"2\">\u00a0 \u00a0<img decoding=\"async\" loading=\"lazy\" src=\"https:\/\/isfd51-bue.infd.edu.ar\/sitio\/wp-content\/uploads\/2018\/08\/33UQv0cvFV7hyimagen_incrustada5.jpg\" width=\"63\" height=\"60\" border=\"0\" \/><a title=\"Porcentaje de materias\" href=\"upload\/CONSTANCIAS_DEL_PORCENTAJE_DE_PERSPECTIVAS_1.doc\" target=\"_blank\" rel=\"noopener\">Certificaci\u00f3n de porcentaje de materias aprobadas<\/a><\/td>\n<\/tr>\n<\/tbody>\n<tbody>\n<tr style=\"height: 16px;\">\n<td style=\"width: 503px; height: 16px;\" colspan=\"3\">\n<h4 style=\"margin-top: 0px; margin-bottom: 0px; padding-bottom: 0px; text-align: center;\"><span style=\"background-color: #00ffff;\">Constancia de estudiante<\/span><\/h4>\n<\/td>\n<\/tr>\n<tr style=\"height: 65px;\">\n<td style=\"width: 351px; height: 65px;\" colspan=\"2\"><span style=\"background-color: #ffffff;\">Debido a lo solicitado por la D.G.C.yE. a los estudiantes del Instituto Superior de Formaci\u00f3n Docente Nro.51 que estan trabajando y que de acuerdo\u00a0 a la normativa no cumplen con los requisitos de alumnos regular, la siguiente es la certificaci\u00f3n que puede extender el Instituto.<\/span><\/td>\n<td style=\"width: 146px; height: 65px;\">\n<div style=\"text-align: center;\"><span style=\"background-color: #ffffff;\"><img decoding=\"async\" loading=\"lazy\" src=\"https:\/\/isfd51-bue.infd.edu.ar\/sitio\/wp-content\/uploads\/2018\/08\/10eK8vX50hTY9imagen_incrustada1.jpg\" alt=\"\" width=\"50\" height=\"50\" border=\"0\" \/><\/span><\/div>\n<\/td>\n<\/tr>\n<tr style=\"height: 13px;\">\n<td style=\"text-align: center; width: 503px; height: 13px;\" colspan=\"3\"><span style=\"background-color: #ffffff;\"><a style=\"background-color: #ffffff;\" title=\"Constancia de estudiante\" href=\"upload\/constancia_de_ESTUDIANTE.docx\" target=\"_blank\" rel=\"noopener\">Constancia de estudiante<\/a><\/span><\/td>\n<\/tr>\n<tr style=\"height: 13px;\">\n<td style=\"width: 503px; height: 13px;\" colspan=\"3\"><\/td>\n<\/tr>\n<tr style=\"height: 41px;\">\n<td style=\"width: 503px; height: 41px;\" colspan=\"3\">\n<h4 style=\"text-align: center;\"><span style=\"background-color: #00ffff;\"><strong>Constancia de preinscripci\u00f3n 2018<\/strong><\/span><\/h4>\n<\/td>\n<\/tr>\n<tr style=\"height: 52px;\">\n<td style=\"width: 146px; height: 52px;\"><span style=\"background-color: #00ffff;\"><img decoding=\"async\" loading=\"lazy\" src=\"https:\/\/isfd51-bue.infd.edu.ar\/sitio\/wp-content\/uploads\/2018\/08\/1Qs0eJWjcon2dimagen_incrustada2.jpg\" alt=\"\" width=\"50\" height=\"50\" border=\"0\" \/><\/span><\/td>\n<td style=\"width: 351px; height: 52px;\" colspan=\"2\"><span style=\"background-color: #ffffff;\">Considerando que la inscripci\u00f3n para el a\u00f1o lectivo 2018 de todas las carreras se realizara en el mes de marzo, aquellos estudiantes que necesiten inscribirse antes, pueden presentar el siguiente certificado:\u00a0<\/span><\/td>\n<\/tr>\n<tr style=\"height: 13px;\">\n<td style=\"width: 503px; text-align: center; height: 13px;\" colspan=\"3\"><span style=\"background-color: #ffffff;\"><a style=\"background-color: #ffffff;\" title=\"Constancia de preinscripci\u00f3n\" href=\"upload\/constancia_de_preinscrpcion.docx\" target=\"_blank\" rel=\"noopener\">Constancia de preinscripci\u00f3n 2018<\/a><\/span><\/td>\n<\/tr>\n<tr style=\"height: 13px;\">\n<td style=\"width: 503px; height: 13px;\" colspan=\"3\"><span style=\"background-color: #ffffff;\">\u00a0<\/span><\/td>\n<\/tr>\n<tr style=\"height: 13px;\">\n<td style=\"width: 503px; height: 13px;\" colspan=\"3\"><span style=\"background-color: #ffffff;\">\u00a0<\/span><\/td>\n<\/tr>\n<tr style=\"height: 13px;\">\n<td style=\"width: 351px; height: 13px;\" colspan=\"2\"><span style=\"background-color: #ffffff;\">\u00a0<\/span><\/td>\n<td style=\"width: 146px; height: 13px;\"><span style=\"background-color: #ffffff;\">\u00a0<\/span><\/td>\n<\/tr>\n<tr style=\"height: 13px;\">\n<td style=\"width: 503px; height: 13px;\" colspan=\"3\"><span style=\"background-color: #ffffff;\">\u00a0<\/span><\/td>\n<\/tr>\n<\/tbody>\n<\/table>\n","protected":false},"excerpt":{"rendered":"<p>Constancias para descargar \u00a0Requisitos y planilla de inscripci\u00f3n para los ingresantes: AC\u00c1 Planilla de Inscripci\u00f3n por carrera: Profesorado de Educaci\u00f3n Inicial:\u00a0 A1_-INICIAL Profesorado de Educaci\u00f3n Primaria: A1_-PRIMARIA Profesorado de Educaci\u00f3n Secundaria en Lengua y Literatura: A1_-LENGUA Profesorado de Educaci\u00f3n Secundaria en Biolog\u00eda: A1_-BIO Profesorado de Educaci\u00f3n Secundaria en Historia: A1_-HIS Profesorado de Educaci\u00f3n Secundaria en &#8230; <a title=\"Tr\u00e1mites administrativos\" class=\"read-more\" href=\"https:\/\/isfd51-bue.infd.edu.ar\/sitio\/tramites-administrativos\/\" aria-label=\"More on Tr\u00e1mites administrativos\">[+]<\/a><\/p>\n","protected":false},"author":2074,"featured_media":0,"parent":0,"menu_order":0,"comment_status":"closed","ping_status":"closed","template":"","meta":[],"acf":[],"_links":{"self":[{"href":"https:\/\/isfd51-bue.infd.edu.ar\/sitio\/wp-json\/wp\/v2\/pages\/1042"}],"collection":[{"href":"https:\/\/isfd51-bue.infd.edu.ar\/sitio\/wp-json\/wp\/v2\/pages"}],"about":[{"href":"https:\/\/isfd51-bue.infd.edu.ar\/sitio\/wp-json\/wp\/v2\/types\/page"}],"author":[{"embeddable":true,"href":"https:\/\/isfd51-bue.infd.edu.ar\/sitio\/wp-json\/wp\/v2\/users\/2074"}],"replies":[{"embeddable":true,"href":"https:\/\/isfd51-bue.infd.edu.ar\/sitio\/wp-json\/wp\/v2\/comments?post=1042"}],"version-history":[{"count":6,"href":"https:\/\/isfd51-bue.infd.edu.ar\/sitio\/wp-json\/wp\/v2\/pages\/1042\/revisions"}],"predecessor-version":[{"id":1276,"href":"https:\/\/isfd51-bue.infd.edu.ar\/sitio\/wp-json\/wp\/v2\/pages\/1042\/revisions\/1276"}],"wp:attachment":[{"href":"https:\/\/isfd51-bue.infd.edu.ar\/sitio\/wp-json\/wp\/v2\/media?parent=1042"}],"curies":[{"name":"wp","href":"https:\/\/api.w.org\/{rel}","templated":true}]}}