{"id":1048,"date":"2018-08-29T16:33:07","date_gmt":"2018-08-29T19:33:07","guid":{"rendered":"https:\/\/isfd51-bue.infd.edu.ar\/sitio\/orientaciones-para-cobertura-de-catedra\/"},"modified":"2026-03-23T09:44:01","modified_gmt":"2026-03-23T12:44:01","slug":"orientaciones-para-cobertura-de-catedra","status":"publish","type":"page","link":"https:\/\/isfd51-bue.infd.edu.ar\/sitio\/orientaciones-para-cobertura-de-catedra\/","title":{"rendered":"Orientaciones para cobertura de c\u00e1tedra"},"content":{"rendered":"<p style=\"text-align: center;\">Resoluci\u00f3n 6179\/25 para Cobertura de C\u00e1tedras en el Nivel Superior:<\/p>\n<p style=\"text-align: center;\"><a href=\"https:\/\/drive.google.com\/file\/d\/1-_76o1HyUV5i_6dB4vY3-xOrF2NYbuxM\/view?usp=drive_link\">https:\/\/drive.google.com\/file\/d\/1-_76o1HyUV5i_6dB4vY3-xOrF2NYbuxM\/view?usp=drive_link<\/a><\/p>\n<p style=\"text-align: center;\">\n<p style=\"text-align: center;\">\n<hr style=\"color: #ffffff; border: 1px solid #CCCCCC;\" noshade=\"noshade\" \/>\n<p style=\"text-align: center;\">\n<p style=\"text-align: center;\">Dise\u00f1os Curriculares para la Educaci\u00f3n Superior:<\/p>\n<p style=\"text-align: center;\"><a href=\"http:\/\/servicios.abc.gov.ar\/lainstitucion\/organismos\/consejogeneral\/disenioscurriculares\/documentosdescarga\/dcurricularsuperior.pdf\" target=\"_blank\" rel=\"noopener\">Profesorados de niveles Inicial y Primario<\/a><\/p>\n<p style=\"text-align: center;\">Profesorado de Educaci\u00f3n Secundaria en:<\/p>\n<p style=\"text-align: center;\"><a href=\"http:\/\/servicios.abc.gov.ar\/lainstitucion\/organismos\/consejogeneral\/disenioscurriculares\/superior\/biologia\/13259-99modif-por-3581-00-biologia.pdf\" target=\"_blank\" rel=\"noopener\">Biolog\u00eda\u00a0<\/a><\/p>\n<p style=\"text-align: center;\"><a href=\"http:\/\/servicios.abc.gov.ar\/lainstitucion\/organismos\/consejogeneral\/disenioscurriculares\/superior\/geografia\/13259-99modif-por-3581-00-geografia.pdf\" target=\"_blank\" rel=\"noopener\">Geograf\u00eda<\/a><\/p>\n<p style=\"text-align: center;\"><a href=\"http:\/\/servicios.abc.gov.ar\/lainstitucion\/organismos\/consejogeneral\/disenioscurriculares\/superior\/historia\/13259-99modif-por-3581-00-historia.pdf\" target=\"_blank\" rel=\"noopener\">Historia<\/a><\/p>\n<p style=\"text-align: center;\"><a href=\"http:\/\/servicios.abc.gov.ar\/lainstitucion\/organismos\/consejogeneral\/disenioscurriculares\/superior\/lenguayliteratura\/13259-99-modif-por-3581-00leng-y-lit.pdf\" target=\"_blank\" rel=\"noopener\">Lengua y Literatura<\/a><\/p>\n<p style=\"text-align: center;\">\n","protected":false},"excerpt":{"rendered":"<p>Resoluci\u00f3n 6179\/25 para Cobertura de C\u00e1tedras en el Nivel Superior: https:\/\/drive.google.com\/file\/d\/1-_76o1HyUV5i_6dB4vY3-xOrF2NYbuxM\/view?usp=drive_link Dise\u00f1os Curriculares para la Educaci\u00f3n Superior: Profesorados de niveles Inicial y Primario Profesorado de Educaci\u00f3n Secundaria en: Biolog\u00eda\u00a0 Geograf\u00eda Historia Lengua y Literatura<\/p>\n","protected":false},"author":2074,"featured_media":0,"parent":0,"menu_order":0,"comment_status":"closed","ping_status":"closed","template":"","meta":[],"acf":[],"_links":{"self":[{"href":"https:\/\/isfd51-bue.infd.edu.ar\/sitio\/wp-json\/wp\/v2\/pages\/1048"}],"collection":[{"href":"https:\/\/isfd51-bue.infd.edu.ar\/sitio\/wp-json\/wp\/v2\/pages"}],"about":[{"href":"https:\/\/isfd51-bue.infd.edu.ar\/sitio\/wp-json\/wp\/v2\/types\/page"}],"author":[{"embeddable":true,"href":"https:\/\/isfd51-bue.infd.edu.ar\/sitio\/wp-json\/wp\/v2\/users\/2074"}],"replies":[{"embeddable":true,"href":"https:\/\/isfd51-bue.infd.edu.ar\/sitio\/wp-json\/wp\/v2\/comments?post=1048"}],"version-history":[{"count":1,"href":"https:\/\/isfd51-bue.infd.edu.ar\/sitio\/wp-json\/wp\/v2\/pages\/1048\/revisions"}],"predecessor-version":[{"id":2950,"href":"https:\/\/isfd51-bue.infd.edu.ar\/sitio\/wp-json\/wp\/v2\/pages\/1048\/revisions\/2950"}],"wp:attachment":[{"href":"https:\/\/isfd51-bue.infd.edu.ar\/sitio\/wp-json\/wp\/v2\/media?parent=1048"}],"curies":[{"name":"wp","href":"https:\/\/api.w.org\/{rel}","templated":true}]}}