{"id":1350,"date":"2020-10-19T23:50:46","date_gmt":"2020-10-20T02:50:46","guid":{"rendered":"https:\/\/isfd51-bue.infd.edu.ar\/sitio\/?page_id=1350"},"modified":"2021-06-18T21:31:21","modified_gmt":"2021-06-19T00:31:21","slug":"profesorado-de-educacion-secundaria-en-matematica-resol-1861-17","status":"publish","type":"page","link":"https:\/\/isfd51-bue.infd.edu.ar\/sitio\/profesorado-de-educacion-secundaria-en-matematica-resol-1861-17\/","title":{"rendered":"PROFESORADO DE EDUCACI\u00d3N SECUNDARIA EN MATEM\u00c1TICA &#8211; Resol. 1861\/17"},"content":{"rendered":"<p>&nbsp;<\/p>\n<table width=\"496\">\n<tbody>\n<tr>\n<td rowspan=\"2\" width=\"34\">A\u00d1O<\/td>\n<td rowspan=\"2\" width=\"462\">ESPACIO<\/td>\n<\/tr>\n<tr>\n<td><\/td>\n<td><\/td>\n<\/tr>\n<tr>\n<td>1er<\/td>\n<td>PEDAGOG\u00cdA<\/td>\n<\/tr>\n<tr>\n<td><\/td>\n<td>DID\u00c1CTICA GENERAL<\/td>\n<\/tr>\n<tr>\n<td><\/td>\n<td>PROBLEM\u00c1TICAS SOCIO-INSTITUCIONALES<\/td>\n<\/tr>\n<tr>\n<td><\/td>\n<td>GEOMETR\u00cdA M\u00c9TRICA<\/td>\n<\/tr>\n<tr>\n<td><\/td>\n<td>\u00c1LGEBRA I<\/td>\n<\/tr>\n<tr>\n<td><\/td>\n<td>INTRODUCCION AL C\u00c1LCULO<\/td>\n<\/tr>\n<tr>\n<td><\/td>\n<td width=\"462\">EL TRABAJO DOCENTE:COMPLEJIDAD Y C\u00c1LCULO<\/td>\n<\/tr>\n<tr>\n<td><\/td>\n<td width=\"462\"><\/td>\n<\/tr>\n<tr>\n<td>2do<\/td>\n<td>HIST.POLIT. DE LA EDUCACI\u00d3N ARGENTINA<\/td>\n<\/tr>\n<tr>\n<td><\/td>\n<td>ENSE\u00d1AR CON TEGNOLOG\u00cdAS<\/td>\n<\/tr>\n<tr>\n<td><\/td>\n<td>PERSP.ACERCA DE LOS SUJETOS DE LA EDUC.<\/td>\n<\/tr>\n<tr>\n<td><\/td>\n<td>GEOMETR\u00cdA ANAL\u00cdTICA<\/td>\n<\/tr>\n<tr>\n<td><\/td>\n<td>HISTORIA DE LA MATEM\u00c1TICA<\/td>\n<\/tr>\n<tr>\n<td><\/td>\n<td>DID. DE LAS MATEM\u00c1TICAS:DID Y CURRICULUM<\/td>\n<\/tr>\n<tr>\n<td><\/td>\n<td>C\u00c1LCULO<\/td>\n<\/tr>\n<tr>\n<td><\/td>\n<td>\u00c1LGEBRA II<\/td>\n<\/tr>\n<tr>\n<td><\/td>\n<td>LA CONST.DEL TRABAJO DOCENTE EN LA ESC.SEC<\/td>\n<\/tr>\n<tr>\n<td><\/td>\n<td><\/td>\n<\/tr>\n<tr>\n<td>3ro<\/td>\n<td>EDUCACI\u00d3N PARA LA DIVERSIDAD<\/td>\n<\/tr>\n<tr>\n<td><\/td>\n<td>LA EVALUACI\u00d3N DE LOS APRENDIZAJES<\/td>\n<\/tr>\n<tr>\n<td><\/td>\n<td width=\"462\">FILOSOF\u00cdA Y EDUCACI\u00d3N<\/td>\n<\/tr>\n<tr>\n<td><\/td>\n<td>NIVEL DE INGL\u00c9S 1<\/td>\n<\/tr>\n<tr>\n<td><\/td>\n<td>ORATORIA Y RET\u00d3RICA DOCENTE<\/td>\n<\/tr>\n<tr>\n<td><\/td>\n<td>COMPLEMENTOS DE C\u00c1LCULOS<\/td>\n<\/tr>\n<tr>\n<td><\/td>\n<td>\u00c1LGEBRA SUP. Y ELEM. DE TOPOLOG\u00cdA<\/td>\n<\/tr>\n<tr>\n<td><\/td>\n<td>PROBABILIDAD Y ESTAD\u00cdSTICA<\/td>\n<\/tr>\n<tr>\n<td><\/td>\n<td>DID DE LA MATEMATICA II:\u00a0 ENS. CON TICS<\/td>\n<\/tr>\n<tr>\n<td><\/td>\n<td>LA CONST.DEL TRAB.DOC. ESPEC. EN LA ENS NIV<\/td>\n<\/tr>\n<tr>\n<td><\/td>\n<td><\/td>\n<\/tr>\n<tr>\n<td>4to<\/td>\n<td>ANALISIS E INTERV. EN SIT. DE CONV. ESCOLAR<\/td>\n<\/tr>\n<tr>\n<td><\/td>\n<td>NIVEL 2 DE INGL\u00c9S<\/td>\n<\/tr>\n<tr>\n<td><\/td>\n<td>TUTORIAS Y ORIENTACI\u00d3N ESCOLAR<\/td>\n<\/tr>\n<tr>\n<td><\/td>\n<td>SEMINARIO DE TEMAS DE F\u00cdSICA<\/td>\n<\/tr>\n<tr>\n<td><\/td>\n<td>FUNDAMENTOS DE MATEM\u00c1TICA<\/td>\n<\/tr>\n<tr>\n<td><\/td>\n<td>MATEM\u00c1TICA APLICADA<\/td>\n<\/tr>\n<tr>\n<td><\/td>\n<td>GEOM. NO EUCLIDIANAS GEOM. PROY. Y FRACTAL<\/td>\n<\/tr>\n<tr>\n<td><\/td>\n<td>DID DE LA MATEM III: INV. PROBLEM. DE ENS.<\/td>\n<\/tr>\n<tr>\n<td><\/td>\n<td>ESPACIO DE DEFINICI\u00d3N INSTITUCIONAL<\/td>\n<\/tr>\n<tr>\n<td><\/td>\n<td>LA REFLEXI\u00d3N SOBRE LA TAREA DOCENTE<\/td>\n<\/tr>\n<\/tbody>\n<\/table>\n","protected":false},"excerpt":{"rendered":"<p>&nbsp; A\u00d1O ESPACIO 1er PEDAGOG\u00cdA DID\u00c1CTICA GENERAL PROBLEM\u00c1TICAS SOCIO-INSTITUCIONALES GEOMETR\u00cdA M\u00c9TRICA \u00c1LGEBRA I INTRODUCCION AL C\u00c1LCULO EL TRABAJO DOCENTE:COMPLEJIDAD Y C\u00c1LCULO 2do HIST.POLIT. DE LA EDUCACI\u00d3N ARGENTINA ENSE\u00d1AR CON TEGNOLOG\u00cdAS PERSP.ACERCA DE LOS SUJETOS DE LA EDUC. GEOMETR\u00cdA ANAL\u00cdTICA HISTORIA DE LA MATEM\u00c1TICA DID. DE LAS MATEM\u00c1TICAS:DID Y CURRICULUM C\u00c1LCULO \u00c1LGEBRA II LA CONST.DEL TRABAJO &#8230; <a title=\"PROFESORADO DE EDUCACI\u00d3N SECUNDARIA EN MATEM\u00c1TICA &#8211; Resol. 1861\/17\" class=\"read-more\" href=\"https:\/\/isfd51-bue.infd.edu.ar\/sitio\/profesorado-de-educacion-secundaria-en-matematica-resol-1861-17\/\" aria-label=\"More on PROFESORADO DE EDUCACI\u00d3N SECUNDARIA EN MATEM\u00c1TICA &#8211; Resol. 1861\/17\">[+]<\/a><\/p>\n","protected":false},"author":195,"featured_media":0,"parent":0,"menu_order":0,"comment_status":"closed","ping_status":"closed","template":"","meta":[],"acf":[],"_links":{"self":[{"href":"https:\/\/isfd51-bue.infd.edu.ar\/sitio\/wp-json\/wp\/v2\/pages\/1350"}],"collection":[{"href":"https:\/\/isfd51-bue.infd.edu.ar\/sitio\/wp-json\/wp\/v2\/pages"}],"about":[{"href":"https:\/\/isfd51-bue.infd.edu.ar\/sitio\/wp-json\/wp\/v2\/types\/page"}],"author":[{"embeddable":true,"href":"https:\/\/isfd51-bue.infd.edu.ar\/sitio\/wp-json\/wp\/v2\/users\/195"}],"replies":[{"embeddable":true,"href":"https:\/\/isfd51-bue.infd.edu.ar\/sitio\/wp-json\/wp\/v2\/comments?post=1350"}],"version-history":[{"count":4,"href":"https:\/\/isfd51-bue.infd.edu.ar\/sitio\/wp-json\/wp\/v2\/pages\/1350\/revisions"}],"predecessor-version":[{"id":1540,"href":"https:\/\/isfd51-bue.infd.edu.ar\/sitio\/wp-json\/wp\/v2\/pages\/1350\/revisions\/1540"}],"wp:attachment":[{"href":"https:\/\/isfd51-bue.infd.edu.ar\/sitio\/wp-json\/wp\/v2\/media?parent=1350"}],"curies":[{"name":"wp","href":"https:\/\/api.w.org\/{rel}","templated":true}]}}