{"id":1423,"date":"2020-12-09T00:26:14","date_gmt":"2020-12-09T03:26:14","guid":{"rendered":"https:\/\/isfd51-bue.infd.edu.ar\/sitio\/?page_id=1423"},"modified":"2026-03-31T15:08:50","modified_gmt":"2026-03-31T18:08:50","slug":"links-de-inscripcion-ingresantes-2021","status":"publish","type":"page","link":"https:\/\/isfd51-bue.infd.edu.ar\/sitio\/links-de-inscripcion-ingresantes-2021\/","title":{"rendered":"Pre Inscripci\u00f3n de ingresantes 2026"},"content":{"rendered":"\n<p>Desde hace 48 a\u00f1os el ISFD N\u00b051 forma docentes que ense\u00f1aron y ense\u00f1an en las aulas de todos los niveles obligatorios.<br>\u00bfSos del distrito de Pilar o de sus alrededores? Ven\u00ed, te esperamos!!<\/p>\n\n\n\n<p class=\"has-text-align-center\"><strong>\u00a1\u00a1LLEGAMOS A DICIEMBRE!!<\/strong><\/p>\n\n\n<div class=\"wp-block-image\">\n<figure class=\"aligncenter size-full is-resized\"><img decoding=\"async\" loading=\"lazy\" src=\"https:\/\/isfd51-bue.infd.edu.ar\/sitio\/wp-content\/uploads\/2025\/11\/WhatsApp-Image-2025-11-18-at-5.12.01-PM.jpeg\" alt=\"\" class=\"wp-image-2811\" width=\"639\" height=\"1161\" srcset=\"https:\/\/isfd51-bue.infd.edu.ar\/sitio\/wp-content\/uploads\/2025\/11\/WhatsApp-Image-2025-11-18-at-5.12.01-PM.jpeg 645w, https:\/\/isfd51-bue.infd.edu.ar\/sitio\/wp-content\/uploads\/2025\/11\/WhatsApp-Image-2025-11-18-at-5.12.01-PM-550x1000.jpeg 550w\" sizes=\"(max-width: 639px) 100vw, 639px\" \/><\/figure><\/div>\n\n\n<p><\/p>\n\n\n\n<h2 class=\"wp-block-heading\">LAS Y LOS ASPIRANTES DEBEN REALIZAR LA INSCRIPCI\u00d3N UTILIZANDO LOS ENLACES QUE SE ENCONTRAR\u00c1N EN ESTA P\u00c1GINA A PARTIR DEL D\u00cdA LUNES 1\/12\/25 A LAS 18:00 HS.<\/h2>\n\n\n\n<p><\/p>\n\n\n\n<p><\/p>\n\n\n\n<p>-Completar la informaci\u00f3n solicitada en el formulario correctamente, por favor <strong>leer detenidamente<\/strong> y cumplimentar los datos pero la <strong>inscripci\u00f3n ser\u00e1 definitiva cuando se presente toda la documentaci\u00f3n requerida<\/strong>.<\/p>\n\n\n\n<p>-Se les enviar\u00e1 un mail  a <strong>las\/os primeros 70 aspirantes<\/strong> de cada carrera que hayan completado el formulario para realizar la entrega de la documentaci\u00f3n en formato papel. Ese d\u00eda podr\u00e1n tambi\u00e9n adquirir el bono contribuci\u00f3n de la <strong>Cooperadora Escolar. <\/strong><\/p>\n\n\n\n<p>-La notificaci\u00f3n sobre la documentaci\u00f3n necesaria, d\u00eda y horario de entrega se informar\u00e1 a trav\u00e9s del correo electr\u00f3nico indicado en el formulario de solicitud , <strong>revisar los correos spam o correos no deseados<\/strong>, ante la posibilidad de que se alojen all\u00ed. Tener especial atenci\u00f3n al escribir su direcci\u00f3n de correo electr\u00f3nico ya que si la misma contiene alg\u00fan error de tipeo u omisi\u00f3n de alguna letra, el mail no llegar\u00e1 al destinatario. <\/p>\n\n\n\n<p><strong>Los listados de aspirantes por cada Profesorado se ir\u00e1n publicando a medida que se cubran las vacantes.<\/strong><\/p>\n\n\n\n<p>Las y los esperamos.<\/p>\n\n\n\n<p>Equipo de conducci\u00f3n<\/p>\n\n\n\n<p><\/p>\n\n\n\n<hr class=\"wp-block-separator has-alpha-channel-opacity\"\/>\n\n\n<p><strong>1- PROFESORADO DE EDUCACI\u00d3N ESPECIAL con ORIENTACI\u00d3N en DISCAPACIDAD INTELECTUAL &#8211; <span style=\"color: #ff0000;\">vacantes cubiertas<\/span><\/strong><\/p>\n<p><a href=\"https:\/\/forms.gle\/r24WH92Qiv2PaCAr7\">Link Profesorado de Educaci\u00f3n Especial<\/a><\/p>\n<p><strong>2- PROFESORADO DE EDUCACI\u00d3N INICIAL &#8211; <span style=\"color: #ff0000;\">vacantes cubiertas<\/span><\/strong><\/p>\n<p><a href=\"https:\/\/docs.google.com\/spreadsheets\/d\/1lisfMpto6DtIDxShQeMwPnWcUghvb1RsljHoNoYQUT8\/edit?usp=sharing\">Link: listado de aspirantes Inicial<\/a><\/p>\n<p><strong>3- PROFESORADO DE EDUCACI\u00d3N PRIMARIA &#8211;\u00a0<span style=\"font-weight: 400;\"><b><span style=\"color: #ff0000;\">vacantes cubiertas<\/span><\/b><\/span><\/strong><\/p>\n<p><a href=\"https:\/\/docs.google.com\/spreadsheets\/d\/1DsBL4M_yBb5LhNTqzuu1CrLjvM5RynulyTvIEp4upqg\/edit?usp=sharing\">Link: listado de aspirantes Primaria<\/a><\/p>\n<p><strong>4- PROFESORADO DE EDUCACI\u00d3N SECUNDARIA EN BIOLOG\u00cdA &#8211; <span style=\"color: #ff0000;\">vacantes cubiertas<\/span><\/strong><\/p>\n<p><a href=\"https:\/\/forms.gle\/jPxNfiQ58BNhaQnx7\">Link Profesorado de Educaci\u00f3n Secundaria en Biolog\u00eda<\/a><\/p>\n<p><strong>\u00a05- PROFESORADO DE EDUCACI\u00d3N SECUNDARIA EN GEOGRAF\u00cdA &#8211; <span style=\"color: #ff0000;\">vacantes cubiertas<\/span><\/strong><\/p>\n<p><a href=\"https:\/\/forms.gle\/jWJNAduDCELpbyH87\">Link Profesorado de Educaci\u00f3n Secundaria en Geograf\u00eda<\/a><\/p>\n<p><strong>6- PROFESORADO DE EDUCACI\u00d3N SECUNDARIA EN\u00a0<\/strong><strong> HISTORIA &#8211; <span style=\"color: #ff0000;\">vacantes cubiertas<\/span><\/strong><\/p>\n<p><a href=\"https:\/\/docs.google.com\/spreadsheets\/d\/1Rw66Y08bBvAFGMpw2emvaAwnSFnn3ilnFuleXuSjNoc\/edit?usp=sharing\">Link: listado de aspirantes Historia<\/a><\/p>\n<p><strong>7- PROFESORADO DE EDUCACI\u00d3N SECUNDARIA EN LENGUA Y LITERATURA &#8211; <span style=\"color: #008000;\"><b><span style=\"color: #ff0000;\">vacantes cubiertas<\/span><\/b><\/span><\/strong><\/p>\n<p><a href=\"https:\/\/docs.google.com\/spreadsheets\/d\/1EOPQnBnKCeMISP6TOEkL2HKpAZI5Z4tsF4aa2AEM-BE\/edit?usp=sharing\">Link: listado de aspirantes Lengua y Literatura<\/a><\/p>\n<p><strong>8- PROFESORADO DE EDUCACI\u00d3N SECUNDARIA EN MATEM\u00c1TICA &#8211; <span style=\"color: #ff0000;\">vacantes cubiertas<\/span><\/strong><\/p>\n<p><a href=\"https:\/\/forms.gle\/G3VKKcy4b46jiaED7\">Link Profesorado de Educaci\u00f3n Secundaria en Matem\u00e1tica<\/a><\/p>\n<p><strong>\u00a1ATENCI\u00d3N!<\/strong><\/p>\n<p><em>\u2192 <strong>Para poder<\/strong> <strong>estar informado hay dos v\u00edas de comunicaci\u00f3n:<\/strong><\/em><\/p>\n<ul>\n<li>Pagina web de la instituci\u00f3n <a href=\"https:\/\/isfd51-bue.infd.edu.ar\/sitio\/\">https:\/\/isfd51-bue.infd.edu.ar\/sitio\/<\/a><\/li>\n<li>Ingreso al aula institucional de p\u00fablico en general\u00a0 <a href=\"https:\/\/isfd51-bue.infd.edu.ar\/aula\/acceso.cgi\">https:\/\/isfd51-bue.infd.edu.ar\/aula\/acceso.com<\/a><\/li>\n<\/ul>\n<p><em><strong>\u2192 \u00bfCu\u00e1l es la importancia de colaborar con la cooperadora?<\/strong><\/em><\/p>\n<p>La Asociaci\u00f3n Cooperadora permite afrontar los gastos e inversiones que hacen que el instituto funcione mejor: material de librer\u00eda para las tareas administrativas (libros matrices, libros de actas de ex\u00e1menes, etc.), mobiliario, art\u00edculos de limpieza, arreglos edilicios urgentes, material para los talleres y laboratorios, eventos institucionales.<br \/>Para Realizar aporte voluntario: <em><strong>CBU 01400373 01718500578398 &#8211; CUIT 30-68863797-6 y enviar mail a secretariaisfd51@gmail.com con la foto del comprobante y los datos del\/la estudiante.<\/strong><\/em><\/p>\n\n\n<hr class=\"wp-block-separator has-alpha-channel-opacity\"\/>\n","protected":false},"excerpt":{"rendered":"<p>Desde hace 48 a\u00f1os el ISFD N\u00b051 forma docentes que ense\u00f1aron y ense\u00f1an en las aulas de todos los niveles obligatorios.\u00bfSos del distrito de Pilar o de sus alrededores? Ven\u00ed, te esperamos!! \u00a1\u00a1LLEGAMOS A DICIEMBRE!! LAS Y LOS ASPIRANTES DEBEN REALIZAR LA INSCRIPCI\u00d3N UTILIZANDO LOS ENLACES QUE SE ENCONTRAR\u00c1N EN ESTA P\u00c1GINA A PARTIR DEL &#8230; <a title=\"Pre Inscripci\u00f3n de ingresantes 2026\" class=\"read-more\" href=\"https:\/\/isfd51-bue.infd.edu.ar\/sitio\/links-de-inscripcion-ingresantes-2021\/\" aria-label=\"More on Pre Inscripci\u00f3n de ingresantes 2026\">[+]<\/a><\/p>\n","protected":false},"author":195,"featured_media":0,"parent":0,"menu_order":0,"comment_status":"closed","ping_status":"closed","template":"","meta":[],"acf":[],"_links":{"self":[{"href":"https:\/\/isfd51-bue.infd.edu.ar\/sitio\/wp-json\/wp\/v2\/pages\/1423"}],"collection":[{"href":"https:\/\/isfd51-bue.infd.edu.ar\/sitio\/wp-json\/wp\/v2\/pages"}],"about":[{"href":"https:\/\/isfd51-bue.infd.edu.ar\/sitio\/wp-json\/wp\/v2\/types\/page"}],"author":[{"embeddable":true,"href":"https:\/\/isfd51-bue.infd.edu.ar\/sitio\/wp-json\/wp\/v2\/users\/195"}],"replies":[{"embeddable":true,"href":"https:\/\/isfd51-bue.infd.edu.ar\/sitio\/wp-json\/wp\/v2\/comments?post=1423"}],"version-history":[{"count":129,"href":"https:\/\/isfd51-bue.infd.edu.ar\/sitio\/wp-json\/wp\/v2\/pages\/1423\/revisions"}],"predecessor-version":[{"id":2958,"href":"https:\/\/isfd51-bue.infd.edu.ar\/sitio\/wp-json\/wp\/v2\/pages\/1423\/revisions\/2958"}],"wp:attachment":[{"href":"https:\/\/isfd51-bue.infd.edu.ar\/sitio\/wp-json\/wp\/v2\/media?parent=1423"}],"curies":[{"name":"wp","href":"https:\/\/api.w.org\/{rel}","templated":true}]}}