{"id":1559,"date":"2021-07-02T21:20:41","date_gmt":"2021-07-03T00:20:41","guid":{"rendered":"https:\/\/isfd51-bue.infd.edu.ar\/sitio\/?page_id=1559"},"modified":"2026-03-17T22:55:44","modified_gmt":"2026-03-18T01:55:44","slug":"cipe","status":"publish","type":"page","link":"https:\/\/isfd51-bue.infd.edu.ar\/sitio\/cipe\/","title":{"rendered":"CIPE (Coordinador Institucional de Pol\u00edticas Estudiantiles)"},"content":{"rendered":"\n<p><\/p>\n\n\n<p style=\"text-align: center;\"><a href=\"http:\/\/servicios2.abc.gov.ar\/lainstitucion\/sistemaeducativo\/educsuperiorycapeducativa\/cipe\/default.htm\">servicios2.abc.gov.ar\/lainstitucion\/sistemaeducativo\/educsuperiorycapeducativa\/cipe\/default.htm<\/a><\/p>\n<h4><!--more-->2024<\/h4>\n<p>El d\u00eda 16-11-2024 finalizamos con las elecciones del CAI- Consejo acad\u00e9mico Institucional en el ISFD N\u00b0&nbsp; 51 y quedaron representados todos los claustros. Felicitaciones por el compromiso, responsabilidad y las ganas de participar.<\/p>\n<p><img decoding=\"async\" loading=\"lazy\" class=\"wp-image-2751 aligncenter\" src=\"https:\/\/isfd51-bue.infd.edu.ar\/sitio\/wp-content\/uploads\/2025\/03\/IMG-20241116-WA0029-707x1000.jpg\" alt=\"\" width=\"451\" height=\"638\" srcset=\"https:\/\/isfd51-bue.infd.edu.ar\/sitio\/wp-content\/uploads\/2025\/03\/IMG-20241116-WA0029-707x1000.jpg 707w, https:\/\/isfd51-bue.infd.edu.ar\/sitio\/wp-content\/uploads\/2025\/03\/IMG-20241116-WA0029-768x1086.jpg 768w, https:\/\/isfd51-bue.infd.edu.ar\/sitio\/wp-content\/uploads\/2025\/03\/IMG-20241116-WA0029-1086x1536.jpg 1086w, https:\/\/isfd51-bue.infd.edu.ar\/sitio\/wp-content\/uploads\/2025\/03\/IMG-20241116-WA0029.jpg 1131w\" sizes=\"(max-width: 451px) 100vw, 451px\" \/><\/p>\n<p><!--more--><\/p>\n<p><\/p>\n<h4>2023-Estudiantes:<\/h4>\n<h4>\u00c9stas son las listas de alumnos y alumnas que fueron presentadas y aprobadas para las elecciones del Consejo Acad\u00e9mico Institucional (CAI) correspondientes al claustro de Estudiantes.<\/h4>\n<p><\/p>\n\n\n<figure class=\"wp-block-image size-large\"><img decoding=\"async\" loading=\"lazy\" width=\"837\" height=\"485\" src=\"https:\/\/isfd51-bue.infd.edu.ar\/sitio\/wp-content\/uploads\/2021\/10\/image-3.png\" alt=\"\" class=\"wp-image-1677\" srcset=\"https:\/\/isfd51-bue.infd.edu.ar\/sitio\/wp-content\/uploads\/2021\/10\/image-3.png 837w, https:\/\/isfd51-bue.infd.edu.ar\/sitio\/wp-content\/uploads\/2021\/10\/image-3-768x445.png 768w\" sizes=\"(max-width: 837px) 100vw, 837px\" \/><\/figure>\n\n\n\n<p><strong>La siguiente es la lista presentada por docentes de la instituci\u00f3n, que participar\u00e1 en las elecciones del Consejo Acad\u00e9mico Institucional, por el claustro de docentes.<\/strong><\/p>\n\n\n\n<figure class=\"wp-block-image size-large\"><img decoding=\"async\" loading=\"lazy\" width=\"398\" height=\"532\" src=\"https:\/\/isfd51-bue.infd.edu.ar\/sitio\/wp-content\/uploads\/2021\/10\/image-4.png\" alt=\"\" class=\"wp-image-1680\"\/><\/figure>\n","protected":false},"excerpt":{"rendered":"<p>servicios2.abc.gov.ar\/lainstitucion\/sistemaeducativo\/educsuperiorycapeducativa\/cipe\/default.htm<\/p>\n","protected":false},"author":2822,"featured_media":0,"parent":0,"menu_order":0,"comment_status":"closed","ping_status":"closed","template":"","meta":[],"acf":[],"_links":{"self":[{"href":"https:\/\/isfd51-bue.infd.edu.ar\/sitio\/wp-json\/wp\/v2\/pages\/1559"}],"collection":[{"href":"https:\/\/isfd51-bue.infd.edu.ar\/sitio\/wp-json\/wp\/v2\/pages"}],"about":[{"href":"https:\/\/isfd51-bue.infd.edu.ar\/sitio\/wp-json\/wp\/v2\/types\/page"}],"author":[{"embeddable":true,"href":"https:\/\/isfd51-bue.infd.edu.ar\/sitio\/wp-json\/wp\/v2\/users\/2822"}],"replies":[{"embeddable":true,"href":"https:\/\/isfd51-bue.infd.edu.ar\/sitio\/wp-json\/wp\/v2\/comments?post=1559"}],"version-history":[{"count":12,"href":"https:\/\/isfd51-bue.infd.edu.ar\/sitio\/wp-json\/wp\/v2\/pages\/1559\/revisions"}],"predecessor-version":[{"id":2943,"href":"https:\/\/isfd51-bue.infd.edu.ar\/sitio\/wp-json\/wp\/v2\/pages\/1559\/revisions\/2943"}],"wp:attachment":[{"href":"https:\/\/isfd51-bue.infd.edu.ar\/sitio\/wp-json\/wp\/v2\/media?parent=1559"}],"curies":[{"name":"wp","href":"https:\/\/api.w.org\/{rel}","templated":true}]}}