{"id":1779,"date":"2022-02-26T11:32:24","date_gmt":"2022-02-26T14:32:24","guid":{"rendered":"https:\/\/isfd51-bue.infd.edu.ar\/sitio\/?page_id=1779"},"modified":"2026-03-17T23:08:24","modified_gmt":"2026-03-18T02:08:24","slug":"informacion-de-sad","status":"publish","type":"page","link":"https:\/\/isfd51-bue.infd.edu.ar\/sitio\/informacion-de-sad\/","title":{"rendered":"Informaci\u00f3n de SAD"},"content":{"rendered":"\n<p>18-02-2026<\/p>\n\n\n\n<p><\/p>\n\n\n\n<p>COMUNICADO Inscripci\u00f3n Listados 108 A In Fine 2026 &#8211; 108 B In Fine 2026 Per\u00edodo de inscripci\u00f3n: entre el 18\/02\/2026 y el 31\/12\/2026. SAD PILAR informa que las inscripciones que se remitan antes de esa fecha no se tendr\u00e1n en cuenta ya que se debe respetar el calendario) Esta inscripci\u00f3n es para el presente ciclo lectivo de todos los cargos y materias de todos los niveles y modalidades El aspirante debe enviar toda la documentaci\u00f3n en un solo archivo PDF &#8211; COMPLETA ( ya que la inscripci\u00f3n se hace una sola vez) aclarando los distritos solicitados LISTADO 108 A IN FINE: Consideraciones y documentaci\u00f3n a presentar DNI anverso y reverso. Los t\u00edtulos habilitantes escaneados deber\u00e1n ser registrados en la DGCyE conforme a lo establecido en el art 60 inc) h, y la Comunicaci\u00f3n Conjunta N\u00b0 01\/2024 de la Direcci\u00f3n de Personal, la Direcci\u00f3n de Gesti\u00f3n de Asuntos Docentes y la Direcci\u00f3n de Tribunales de Clasificaci\u00f3n. El registro de t\u00edtulos y cursos se realiza en el Consejo Escolar del distrito de residencia y en los casos de aquellas\/os aspirantes con domicilio en CABA, deber\u00e1n registrarlos en la Casa de la Provincia de Bs As. En el caso de que la\/el aspirante no cuente con el t\u00edtulo correspondiente, se admitir\u00e1n las constancias de t\u00edtulo en tr\u00e1mite de las\/os aspirantes egresadas\/os de los Institutos Superiores de Formaci\u00f3n Docente y\/o T\u00e9cnicos, Instituciones de Educaci\u00f3n Art\u00edstica Superior y de las instituciones ajenas a la DGCYE (Institutos y Universidades). Para el caso de instituciones ajenas a la DGCyE (Institutos y Universidades) son v\u00e1lidas las certificaciones emitidas por cada organismo responsable y no deben presentar la constancia oficial que emiten los Institutos Superiores de Formaci\u00f3n Docente y\/o T\u00e9cnicos, Instituciones de Educaci\u00f3n Art\u00edstica Superior (formulario de las tres firmas) Para este listado ser\u00e1n valorados todos los t\u00edtulos que se encuentren habilitados en el nomenclador de t\u00edtulos vigente. C\u00f3mo realizar la consulta del Nomenclador de T\u00edtulos: 1. Ingres\u00e1 al Portal ABC: Entr\u00e1 en www.abc.gob.ar 2. Acced\u00e9 a Servicios: Busc\u00e1 la pesta\u00f1a o secci\u00f3n de \u00abServicios\u00bb. 3. Seleccion\u00e1 la opci\u00f3n \u00abDocentes (Servado)\u00bb. 4. Consulta de T\u00edtulos: Una vez dentro, hac\u00e9 clic en \u00abNomenclador de T\u00edtulos\u00bb. 5. Realiza la b\u00fasqueda del t\u00edtulo y podr\u00e1s ver el puntaje y las \u00e1reas habilitadas<\/p>\n\n\n\n<p>INSCRIPCI\u00d3N AL LISTADO 108 A Y B INFINEESTIMADOSSAD PILAR solicitar dar amplia difusi\u00f3n del COMUNICADO  en relaci\u00f3n con la inscripci\u00f3n a los Listados 108 A &#8211; 108 B In Fine.En el comunicado adjunto se encuentra el procedimiento, documentaci\u00f3n y periodo de inscripci\u00f3n, las mismas comienzan el 18\/02\/2026  por el formulario google cualquier duda o cunsulta deben dirigirse a mesadeentrada083@abc.gob.ar y\/ o a sad083listados@abc.gob.arLAS CONSULTAS E INSCRIPCIONES DEBEN SER DESDE EL CORREO abc.gob.arSaludos cordialesEQUIPO SAD PILARMARIA ELENA SJ <\/p>\n\n\n\n<p>LISTADO 108 B IN FINE: Consideraciones y documentaci\u00f3n a presentar DNI anverso y reverso Tener en cuenta que no es obligatorio la presentaci\u00f3n del t\u00edtulo secundario escaneado, salvo para aquellos \u00edtems de lengua extranjera (ingl\u00e9s) donde se requiere capacitaci\u00f3n con el t\u00edtulo secundario. Constancia de alumna\/o regular actualizada al momento de la inscripci\u00f3n. Aquellas emitidas con fecha noviembre\/diciembre 2025 ser\u00e1n v\u00e1lidas para inscripci\u00f3n febrero\/marzo\/abril. Las presentaciones posteriores deber\u00e1n ser actualizadas al ciclo lectivo y\/o calendario 2026, donde se especifique el porcentaje de materias aprobadas y la condici\u00f3n de alumna\/o regular 2026. La condici\u00f3n de alumna\/o regular es determinante para ser habilitado en el Listado Complementario 108 B In Fine. Las constancias con el 100% de materias aprobadas que no cuenten con el certificado de t\u00edtulo en tr\u00e1mite se considerar\u00e1n en el \u00cdtem 1 del listado 108 B. No corresponde la inclusi\u00f3n en el Listado 108 A. in fine Corresponde la inclusi\u00f3n en este listado de las\/os aspirantes que presentan t\u00edtulo\/s de profesional\/es y\/o t\u00e9cnicos sin capacitaci\u00f3n docente de acuerdo al nomenclador y las particularidades de cada caso de acuerdo a la normativa vigente. Es de aplicaci\u00f3n en todos los casos lo prescripto en el Art\u00edculo 68\u00b0 de la Ley N\u00b0 10579, sus modificatorias y Decretos Reglamentarios, que establece: \u201cART\u00cdCULO 68\u00b0: (Texto seg\u00fan Ley 10614) La falsedad en las declaraciones o certificados cancelar\u00e1 el nombramiento, si lo hubiese, y excluir\u00e1 del Registro al aspirante por el t\u00e9rmino de dos (2) a cinco (5) a\u00f1os, de acuerdo con la gravedad de la misma a partir de la fecha de la sanci\u00f3n, sin que el t\u00e9rmino del alejamiento bonifique por tal concepto para ulteriores designaciones. La reincidencia en la falsedad causar\u00e1 la eliminaci\u00f3n del aspirante con car\u00e1cter definitivo. La sanci\u00f3n se aplicar\u00e1 previa instrucci\u00f3n de sumario y dictamen del Tribunal de Disciplina. ART\u00cdCULO 68\u00b0: (Decreto 2485\/92) Una vez detectada la falsedad, la rama t\u00e9cnica correspondiente, o el Tribunal de Clasificaci\u00f3n en su caso, girar\u00e1 las actuaciones a la Direcci\u00f3n del Tribunal de Disciplina para propiciar se ordene la instrucci\u00f3n del sumario pertinente. En caso de infractores primarios la disposici\u00f3n que lo ordene, establecer\u00e1 la designaci\u00f3n de un funcionario, en lo posible letrado, para que cite al imputado a ratificar o rectificar firmas y el contenido de la documentaci\u00f3n que se le atribuye, otorg\u00e1ndole vistas por el plazo de diez (10) d\u00edas y emplazando para que dentro de dicho t\u00e9rmino presente su descargo y ofrezca pruebas. Si \u00e9sta es ofrecida, el instructor sumariante la sustanciar\u00e1 y otorgar\u00e1 el plazo respectivo para alegar sobre la misma. Cumplidas dichas instancias se elevar\u00e1n los actuados al Tribunal de Disciplina para su intervenci\u00f3n. En caso de infractores reincidentes que no se encuentren prestando servicios al momento de comisi\u00f3n de la presunta falta se aplicar\u00e1 el mismo procedimiento se\u00f1alado precedentemente <\/p>\n\n\n\n<p>PORCENTAJE DE MATERIAS APROBADAS PARA LA INSCRIPCI\u00d3N AL LISTADO 108 B<br>IN FINE<br>INICIAL (MI) 75%<br>PRIMARIA (MG) 50%<br>SECUNDARIO, T\u00c9CNICA Y CENS 50%<br>ART\u00cdSTICA (MPP, MDP, MTP) 50%<br>EDUCACI\u00d3N F\u00cdSICA 80%<br>ADULTOS (MC) 80%<br>PSICOLOG\u00cdA 50%<br>ESPECIAL 60%<br>INGL\u00c9S 1% (6\u00b0 A\u00d1O APROBADO DE INSTITUTOS PRIVADOS)<br>BIBLIOTECARIOS DE INST. EDUCATIVAS 50%<br>PROCEDIMIENTO PARA INSCRIPCI\u00d3N<br>Deber\u00e1 realizar su inscripci\u00f3n desde el correo abc.gob.ar al siguiente LINK DE<br>INSCRIPCI\u00d3NES , completar todo lo solicitado y en un SOLO ARCHIVO PDF subir la<br>documentaci\u00f3n (FOTOS claras legibles y de forma vertical)( PEDIMOS POR FAVOR LEER<br>ATENTAMENTE TODO LO NECESARIO YA QUE SI FALTA DOCUMENTACI\u00d3N NO SE<br>PODR\u00c1 REALIZAR LA INSCRIPCI\u00d3N)<br>Se deben consignar , el distrito de residencia y los distritos solicitados, pueden ser en<br>n\u00famero del distrito (083) o nombres PILAR. En caso de que la\/el aspirante no consigne los<br>distritos en los que desea inscribirse ser\u00e1 incluido de oficio en el de residencia y\/o<br>inscripci\u00f3n no siendo posible agregar ni modificar en instancia de reclamos..<br>Luego se remitir\u00e1 al mail del aspirante abc.gob.ar respuesta a su inscripci\u00f3n<br>Adem\u00e1s, se recuerda que la\/el aspirante podr\u00e1 verificar la inscripci\u00f3n (incumbencia y<br>puntaje)<br>ingresando al portal abc: http:\/\/servicios.abc.gob.ar\/servaddo\/puntaje.ingreso.docencia\/<br>Seleccionando el tipo de listado \u201cIn fine\u201d, a\u00f1o de inscripci\u00f3n \u201c2026\u201d y consignando el DNI en<br>la b\u00fasqueda <\/p>\n\n\n\n<p>De no contar con correo abc.gob.ar<br>PARA CREARLO ENTRAR EN LA PAGINA www.abc.gob.ar<\/p>\n\n\n\n<ul>\n<li>EN INGRESAR USUARIO &#8211; REGISTRAR NUEVO USUARIO.<\/li>\n\n\n\n<li>LES PEDIRA N\u00daMERO DEL CUIL, SEXO. FECHA DE NACIMIENTO;<br>LUEGO SE DESPLIEGA OTRA PANTALLA CON TODOS LOS DATOS Y LES<br>SOLICITAR\u00c1 UN EMAIL ALTERNATIVO PARA MANDARLES LA ACTIVACI\u00d3N DE<br>LA CUENTA.<br>EN EL CASO DE TENER PROBLEMA PARA PODER ACTIVAR EL MAIL.<br>DEBER\u00c1N COMUNICARSE<br>Mesa de Ayuda Tel: 0800 222 6588 O infoayuda@abc.gob.ar.<br>Una vez que cuente con el correo podr\u00e1 utilizarlo para realizar todo lo que compete a<br>inscripciones, postulaciones a los APD (actos p\u00fablicos digitales).<br>PREGUNTAS FRECUENTES<br>\u00bfQU\u00c9 PASA SI NO ELIJO OTROS DISTRITOS Y SOLO PILAR?<br>RESPUESTA PODR\u00cdA POSTULARSE SOLAMENTE EN PILAR PARA LOS APD.SI NO<br>ELIGE NADA INDEFECTIBLEMENTE SE LE DAR\u00c1 PILAR.<br>\u00bfEN CASO DE NO CONSIGNAR DISTRITOS, PODR\u00c9 AGREGARLO?<br>RESPUESTA : NO. NO SE PODR\u00c1. lo marca la normativa<br>LA INSCRIPCI\u00d3N ES UNA SOLA VEZ EN EL A\u00d1O TIENE VIGENCIA HASTA EL<br>31\/12\/2026 DESPU\u00c9S CADUCA .<br>\u00bf PODRE ACTUALIZAR LO QUE PRESENT\u00d3 ?<br>RESPUESTA: NO, NO SE PUEDE .(salvo que en el transcurso del periodo de inscripci\u00f3n<br>cambie de Listado )<br>SI ESTUDIO DOS CARRERAS, \u00bf DEBO PRESENTAR LA DOCUMENTACI\u00d3N<br>POR LAS DOS CARRERAS?<br>RESPUESTA SI , SI QUIERO QUE ME EVAL\u00daEN POR LAS<br>DOS ,. ES POR ESO LA IMPORTANCIA DE CONTAR CON TODA LA<br>DOCUMENTACI\u00d3N Y QUE NO ME FALTE NADA &#8211;<br>A TODOS LOS ASPIRANTES PEDIMOS PACIENCIA QUE A MEDIDA QUE EL<br>PERSONAL EVAL\u00daE SE REMITIR\u00c1 RESPUESTA AL CORREO<br>LINK DE INSCRIPCI\u00d3N<br>https:\/\/forms.gle\/kYaWDqFbkHNcJZ1U8<br>Cualquier duda o consulta dirigirse desde el correo abc.gob.ar a<br>sad083listados@abc.gob.ar o a mesadeentrada083@abc.gob.a<\/li>\n<\/ul>\n\n\n\n<p><\/p>\n\n\n\n<p>02\/02\/2023&nbsp; &nbsp; &nbsp; &nbsp; &nbsp; &nbsp; &nbsp; &nbsp; &nbsp; &nbsp; &nbsp; &nbsp; &nbsp;<\/p>\n\n\n\n<p> COMUNICADO&nbsp; N\u00b0&nbsp; 2&nbsp; \/2023&nbsp;&nbsp;<\/p>\n\n\n\n<p>MOTIVO&nbsp; :&nbsp; INSCRIPCION&nbsp; LISTADO&nbsp; 108&nbsp; A&nbsp; INFINE&nbsp; Y&nbsp; 108&nbsp; B&nbsp; INFINE&nbsp; .&nbsp;&nbsp;<\/p>\n\n\n\n<p>A&nbsp; PARTIR&nbsp; DEL&nbsp; DIA&nbsp; 15\/02\/2022&nbsp; SE&nbsp; OTORGAR\u00c1N&nbsp; TURNOS&nbsp; A&nbsp; TRAV\u00c9S&nbsp; DEL&nbsp; EMAIL&nbsp; ESCRIBIENDO&nbsp; A&nbsp; <a href=\"mailto:sadpilarconsultas@gmail.com\">sadpilarconsultas@gmail.com<\/a>&nbsp; &nbsp; CADA&nbsp; ASPIRANTE&nbsp; INTERESADO&nbsp; EN&nbsp; INSCRIBIRSE DEBER\u00c1&nbsp; SOLICITAR&nbsp; EL&nbsp; TURNO&nbsp; A&nbsp; TRAV\u00c9S&nbsp; DE&nbsp; SU&nbsp; CUENTA&nbsp; <strong>ABC.GOB.AR<\/strong>&nbsp; (CONDICI\u00d3N&nbsp; SINE QUA NON). EN&nbsp; CASO&nbsp; DE&nbsp; NO&nbsp; TENERLA&nbsp; LO&nbsp; PRIMERO&nbsp; QUE&nbsp; TIENEN&nbsp; QUE&nbsp; HACER&nbsp; ES&nbsp; GESTIONARLA&nbsp; PORQUE&nbsp; ESO&nbsp; DESPUES&nbsp; FACILITAR\u00c1&nbsp; LA&nbsp; POSTULACION&nbsp; EN&nbsp; LOS&nbsp; ACTOS&nbsp; P\u00daBLICOS&nbsp; DIGITALES, NO&nbsp; TENDRAN&nbsp; PROBLEMA&nbsp; PARA&nbsp; QUE&nbsp; SE&nbsp; LES&nbsp; ENVIE&nbsp; LA&nbsp; DESIGNACI\u00d3N Y PUEDA GESTIONARSE&nbsp; SU&nbsp; FUTURA&nbsp; LIQUIDACI\u00d3N.&nbsp;&nbsp;<\/p>\n\n\n\n<p>CUENTA&nbsp; ABC.GOB.AR &nbsp; SIGNIFICA&nbsp; CORREO&nbsp; DEL&nbsp; abc.gob.ar.&nbsp; Ejemplo:&nbsp; <a href=\"mailto:kgonzalez1002@abc.gob.ar\">kgonzalez1002@abc.gob.ar<\/a>.&nbsp;<\/p>\n\n\n\n<p>PARA CREARLA DEBERAN ENTRAR EN LA PAGINA <a href=\"http:\/\/www.abc.gob.ar\">www.abc.gob.ar<\/a>&nbsp;<\/p>\n\n\n\n<ul>\n<li>EN&nbsp; INGRESAR&nbsp; USUARIO&nbsp; &nbsp; &#8211;&nbsp; REGISTRAR&nbsp; NUEVO&nbsp; USUARIO.<\/li>\n\n\n\n<li>LES&nbsp; PEDIRA &nbsp; NUMERO&nbsp; DEL&nbsp; CUIL, SEXO. FECHA&nbsp; DE&nbsp; NACIMIENTO;&nbsp;&nbsp;&nbsp;<\/li>\n\n\n\n<li>LUEGO&nbsp; SE&nbsp; DESPLIEGA&nbsp; OTRA PANTALLA&nbsp; CON&nbsp; TODOS&nbsp; LOS&nbsp; DATOS Y&nbsp; LES&nbsp; SOLICITARA&nbsp; UN&nbsp; EMAIL&nbsp; ALTERNATIVO&nbsp; PARA&nbsp; MANDARLES&nbsp; LA&nbsp; ACTIVACI\u00d3N&nbsp; DE&nbsp; LA&nbsp; CUENTA .&nbsp; EN&nbsp; CASO&nbsp; DE&nbsp; TENER&nbsp; PROBLEMA&nbsp; PARA&nbsp; PODER&nbsp; ACTIVAR&nbsp; EL&nbsp; EMAIL &nbsp; .&nbsp; DEBER\u00c1N&nbsp; COMUNICARSE&nbsp; <strong>Mesa de Ayuda Tel: 0800 222 6588 O <\/strong><a href=\"mailto:infoayuda@abc.gob.ar\"><strong>infoayuda@abc.gob.ar<\/strong><\/a><strong>.<\/strong><\/li>\n<\/ul>\n\n\n\n<p>PARA&nbsp; ESTAR&nbsp; COMUNICADOS&nbsp; CON&nbsp; LA&nbsp; SAD&nbsp; V\u00cdA E-MAIL, EL&nbsp; UNICO&nbsp; CORREO ELECTR\u00d3NICO&nbsp; V\u00c1LIDO&nbsp; ES&nbsp; CON&nbsp; EXTENSI\u00d3N&nbsp; abc.gob.ar,&nbsp; ES&nbsp; POR &nbsp; ESO&nbsp; QUE&nbsp; SI&nbsp; SOLICITAN&nbsp; INFORMACI\u00d3N&nbsp; O&nbsp; UN&nbsp; TURNO&nbsp; DESDE&nbsp; OTRO&nbsp; E-MAIL,&nbsp; ES FACTIBLE&nbsp; QUE&nbsp; NO&nbsp; RECIBAN&nbsp; NINGUNA&nbsp; INFORMACI\u00d3N &nbsp; .&nbsp; PORQUE&nbsp; YA&nbsp; ESTA&nbsp; ESTABLECIDO&nbsp; DE&nbsp; ANTEMANO.&nbsp;&nbsp;<\/p>\n\n\n\n<p><strong>PARA&nbsp; SOLICITAR&nbsp; TURNO&nbsp; ESTA&nbsp; CLARO&nbsp; QUE&nbsp; SE&nbsp; LES&nbsp; DARA&nbsp; SIEMPRE&nbsp; Y CUANDO&nbsp; LO&nbsp; HAGAN&nbsp; DESDE&nbsp; EL&nbsp; CORREO&nbsp; DE&nbsp; ABC.GOB.AR&nbsp; (&nbsp; NO&nbsp; ES&nbsp; NUEVO&nbsp; SE&nbsp; VIENE&nbsp; TRABAJANDO&nbsp; CON&nbsp; ESE&nbsp; EMAIL&nbsp; DEL&nbsp; A\u00d1O&nbsp; PASADO )&nbsp;&nbsp;&nbsp;&nbsp;&nbsp;&nbsp;<\/strong><\/p>\n\n\n\n<p>ANTES&nbsp; DE&nbsp; SOLICITAR&nbsp; TURNO&nbsp; DEBER\u00c1N&nbsp; TENER&nbsp; EN&nbsp; CUENTA&nbsp; TENER&nbsp; TODA&nbsp; LA&nbsp; DOCUMENTACION&nbsp; .&nbsp;&nbsp;&nbsp;&nbsp;<\/p>\n\n\n\n<ul>\n<li>EL&nbsp; &nbsp; TITULO&nbsp; SECUNDARIO&nbsp; REGISTRADO:&nbsp; DEBE&nbsp; ESTAR&nbsp; REGISTRADO&nbsp; EN&nbsp; CONSEJO&nbsp; ESCOLAR&nbsp; (PRESENTAR&nbsp; ORIGINAL&nbsp; Y&nbsp; COPIA, LA COPIA DEBE SER ANVERSO Y REVERSO EN LA MISMA HOJA).<\/li>\n\n\n\n<li>EL&nbsp; TITULO&nbsp; &nbsp; HABILITANTE:&nbsp; EN&nbsp; CASO&nbsp; DE&nbsp; TENER , DEBEN&nbsp; ESTAR&nbsp; CERTIFICADOS&nbsp; POR&nbsp; CONSEJO&nbsp; ESCOLAR.&nbsp; SI&nbsp; ES&nbsp; EXTRANJERO,&nbsp; DEBER\u00c1N &nbsp; TENER&nbsp; LAS&nbsp; CONVALIDADACIONES&nbsp; DEL&nbsp; TITULO&nbsp; DE&nbsp; ACUERDO&nbsp; AL&nbsp; LUGAR&nbsp; DE&nbsp; ORIGEN., PUEDE&nbsp; SER&nbsp; EL&nbsp; CONSULADO&nbsp; O&nbsp; SI&nbsp; ES&nbsp; DE&nbsp; OTRA&nbsp; PROVINCIA&nbsp; LA&nbsp; CASA&nbsp; DE&nbsp; LA&nbsp; PROVINCIA.&nbsp; (LOS&nbsp; TITULOS&nbsp; DEBER\u00c1N &nbsp; PRESENTARLOS&nbsp; EN ORIGINAL&nbsp; Y&nbsp; COPIA, LA COPIA DEBER SER ANVERSO Y REVERSO EN LA MISMA HOJA).&nbsp;<\/li>\n\n\n\n<li>CONSTANCIA&nbsp; DE&nbsp; ALUMNO&nbsp; REGULAR: &nbsp; CONDICI\u00d3N&nbsp; SINE QUA&nbsp; NON&nbsp; (EN&nbsp; CASO&nbsp; DE&nbsp; NO&nbsp; TENERLA&nbsp; DEBER\u00c1&nbsp; PRESENTAR&nbsp; CONSTANCIA&nbsp; DE&nbsp; ESTAR&nbsp; INSCRIPTO .&nbsp; PERO&nbsp; LUEGO&nbsp; PARA&nbsp; RETIRAR&nbsp; LA&nbsp; EVALUACION&nbsp; DEBER\u00c1N&nbsp; PRESENTARLA, ACTUALIZADA&nbsp; AL&nbsp; MOMENTO&nbsp; DE&nbsp; LA&nbsp; INSCRIPCION). LA&nbsp; CONSTANCIA SE DEBE PRESENTAR EN ORIGINAL.<\/li>\n\n\n\n<li>PORCENTAJE&nbsp; DE&nbsp; MATERIAS&nbsp; APROBADAS&nbsp; ACTUALIZADAS&nbsp; AL&nbsp; MOMENTO&nbsp; DE&nbsp; LA&nbsp; INSCRIPCION, FIRMAS&nbsp; DE&nbsp; LAS&nbsp; CONSTANCIAS&nbsp; DEBEN&nbsp; SER&nbsp; ORIGINALES,&nbsp; CONSTANCIA&nbsp; A PRESENTAR DEBE SER ORIGINAL. (CONSTANCIA&nbsp; VIEJAS&nbsp; NO&nbsp; ACTUALIZADAS&nbsp; NO&nbsp; SE&nbsp; TOMAR\u00c1N).&nbsp;<\/li>\n\n\n\n<li>DNI.&nbsp; ORIGINAL&nbsp; Y&nbsp; COPIA.<\/li>\n\n\n\n<li>CURSOS: &nbsp; NO&nbsp; DEBER\u00c1N&nbsp; PRESENTAR&nbsp; EN&nbsp; ESTA&nbsp; INSTANCIA&nbsp; PORQUE&nbsp; LOS CURSOS&nbsp; NO&nbsp; SON&nbsp; HABILITANTES .&nbsp; S\u00cd&nbsp; SON&nbsp; HABILITANTES&nbsp; LAS &nbsp; CARRERAS&nbsp; TERCIARIA&nbsp; Y\/O&nbsp; UNIVERSITARIAS.<\/li>\n\n\n\n<li>TODA&nbsp; LA&nbsp; DOCUMETANCION&nbsp; SE&nbsp; ENTREGA&nbsp; EN&nbsp; FOLIO&nbsp; OFICIO.&nbsp;&nbsp;<\/li>\n\n\n\n<li>PLANILLA&nbsp; 108&nbsp; A&nbsp; Y&nbsp; PLANILLA&nbsp; 108&nbsp; B&nbsp; INFINE.&nbsp; DICHA&nbsp; PLANILLA&nbsp; ESTAR\u00c1&nbsp; EN&nbsp; LIBRER\u00cdA HORA&nbsp; LIBRE, &nbsp; RECUERDE&nbsp; QUE&nbsp; DEBE&nbsp; SER&nbsp; IMPRESA&nbsp; EN&nbsp; UNA&nbsp; SOLA&nbsp; HOJA,&nbsp; DEBE&nbsp; ESTAR&nbsp; EL&nbsp; ANVERSO&nbsp; Y&nbsp; REVERSO,&nbsp; NO&nbsp; POR&nbsp; HOJAS&nbsp; SEPARADAS. <strong>LA&nbsp; PLANILLA&nbsp; DE&nbsp; INSCRIPCION&nbsp; DEBE&nbsp; VENIR&nbsp; COMPLETA.<\/strong> PRIMERO&nbsp; SE&nbsp; COMPLETA&nbsp; LUEGO&nbsp; SE&nbsp; SACA&nbsp; COPIA&nbsp; YA&nbsp; QUE&nbsp; ES&nbsp; POR&nbsp; DUPLICADO&nbsp; .&nbsp;&nbsp;<\/li>\n<\/ul>\n\n\n\n<p>UNA&nbsp; VEZ&nbsp; QUE&nbsp; TENGA&nbsp; TODO&nbsp; SOLICITAR&nbsp; EL&nbsp; TURNO. \u00bfPOR QUE&nbsp; LA&nbsp; ACLARACION?&nbsp; PORQUE&nbsp; SI&nbsp; LLEGO&nbsp; AL&nbsp; TURNO&nbsp; Y&nbsp; ME&nbsp; FALTA&nbsp; ALGUNA DOCUMENTACION SOLICITADA EN EL&nbsp; COMUNICADO, &nbsp; EL&nbsp; TURNO&nbsp; SE&nbsp; PROGRAMA&nbsp; PARA&nbsp; EL&nbsp; MES&nbsp; SIGUIENTE&nbsp; <strong>INDEFECTIBLEMENTE<\/strong>.&nbsp;&nbsp;<\/p>\n\n\n\n<p>EN&nbsp; CASO&nbsp; DE&nbsp; SOLICITAR&nbsp; EL&nbsp; TURNO Y&nbsp; LA&nbsp; SAD&nbsp; OTORGA&nbsp; EL&nbsp; MISMO: &nbsp; NO&nbsp; SE&nbsp; PODR\u00c1&nbsp; CAMBIAR LA FECHA NI EL HORARIO,&nbsp; DEBER\u00c1N&nbsp; RESPETAR&nbsp; LA&nbsp; ASIGNACION&nbsp; DEL MISMO. LA SAD ORGANIZA LA INSCRIPCION DE MANERA QUE NO HAYA&nbsp; DEMORAS&nbsp; PERO&nbsp; ESO&nbsp; DEPENDER\u00c1&nbsp; DE&nbsp; CADA&nbsp; ASPIRANTE&nbsp; SI TIENE&nbsp; SUS&nbsp; PAPELES&nbsp; ORDENADOS&nbsp; Y&nbsp; CORRECTOS. DEBER\u00c1N&nbsp; TENER&nbsp; AMPLITUD&nbsp; DE&nbsp; HORARIO&nbsp; Y&nbsp; DIAS&nbsp; PARA&nbsp; CONCURRIR.&nbsp;&nbsp;<\/p>\n\n\n\n<p>SE RECUERDA: EN&nbsp; CASO&nbsp; DE&nbsp; NO&nbsp; CONCURRIR&nbsp; Y&nbsp; SOLICITAR&nbsp; UN&nbsp; NUEVO&nbsp; TURNO&nbsp; SE&nbsp; PROGRAMA&nbsp; PARA&nbsp; EL&nbsp; MES&nbsp; SIGUIENTE.&nbsp;&nbsp;<\/p>\n\n\n\n<p>CUANDO&nbsp; ENVIE&nbsp; E-MAIL&nbsp; PARA&nbsp; SOLICITAR&nbsp; TURNO&nbsp; DEBE&nbsp; TENER&nbsp; PACIENCIA, INGRESAN UNA CANTIDAD ENORME&nbsp; DE&nbsp; E-MAIL&nbsp; POR D\u00cdA, Y&nbsp; ES&nbsp; IMPOSIBLE&nbsp; CONTESTAR&nbsp; TODO&nbsp; EN&nbsp; LA&nbsp; MISMA JORNADA,&nbsp; NO&nbsp; HAY&nbsp; TANTAS&nbsp; OPERADORAS,&nbsp; LAMENTABLEMENTE, POR&nbsp; LO&nbsp; CUAL&nbsp; SE&nbsp; SOLICITA&nbsp; NO&nbsp; SATURE&nbsp; EL&nbsp; CORREO Y ENV\u00cdE&nbsp; UN&nbsp; E-MAIL&nbsp; POR&nbsp; PERSONA.&nbsp;&nbsp;<\/p>\n\n\n\n<p>EL&nbsp; TRAMITE&nbsp; DE&nbsp; INSCRIPCION&nbsp; ES&nbsp; TOTALEMENTE&nbsp; PERSONAL.&nbsp;&nbsp;&nbsp;<\/p>\n\n\n\n<p>RECUERDEN&nbsp; QUE&nbsp; CUANDO&nbsp; SE&nbsp; INSCRIBEN&nbsp; PUEDEN&nbsp; ELEGIR&nbsp; EN&nbsp; TOTAL&nbsp; 3&nbsp; DISTRITOS&nbsp; EN&nbsp; LOS&nbsp; CUALES&nbsp; PARTICIPAR&nbsp; DE&nbsp; LOS&nbsp; APD (ACTOS&nbsp; PUBLICOS&nbsp; DIGITALES) EJEMPLO&nbsp; :&nbsp; PILAR-&nbsp; ESCOBAR-&nbsp; MORENO .&nbsp;&nbsp;<\/p>\n\n\n\n<p>\u00bfQUE&nbsp; PASA&nbsp; SI&nbsp; NO&nbsp; ELIJO OTROS&nbsp; DISTRITOS&nbsp; Y&nbsp; SOLO&nbsp; PILAR?&nbsp; PODRE&nbsp; POSTULARME&nbsp; SOLAMENTE&nbsp; EN&nbsp; PILAR&nbsp; PARA&nbsp; LOS&nbsp; APD.&nbsp;&nbsp;<\/p>\n\n\n\n<p>SI &nbsp; NO&nbsp; ELIGE&nbsp; NADA&nbsp; INDEFECTIBLEMENTE&nbsp; SE&nbsp; LE&nbsp; DAR\u00c1&nbsp; PILAR.&nbsp;&nbsp;<\/p>\n\n\n\n<p>\u00bf<strong>EN&nbsp; CASO&nbsp; DE&nbsp; OLVIDO&nbsp; PODRE&nbsp; AGREGARLOS&nbsp; DESPUES&nbsp; CUANDO&nbsp; BUSCO&nbsp; MI&nbsp; EVALUACION? &nbsp; RESPUESTA&nbsp; :&nbsp; NO.&nbsp; NO&nbsp; SE&nbsp; PODRA.&nbsp;&nbsp;<\/strong><\/p>\n\n\n\n<p><strong>LA&nbsp; INSCRIPCION&nbsp; ES&nbsp; UNA&nbsp; SOLA&nbsp; VEZ&nbsp; EN&nbsp; EL&nbsp; A\u00d1O&nbsp; TIENE VIGENCIA&nbsp; HASTA&nbsp; EL&nbsp; 31\/12\/2023&nbsp; DESPUES&nbsp; CADUCA&nbsp; . <\/strong><strong>&nbsp;POR&nbsp; LO&nbsp; CUAL &nbsp; ME&nbsp; INSCRIBO&nbsp; Y&nbsp; ME&nbsp; EVALUAR\u00c1N&nbsp; DE&nbsp; ACUERDO&nbsp; A&nbsp; LO&nbsp; QUE&nbsp; PRESENTO&nbsp; EN&nbsp; MI&nbsp; INSCRIPCION. \u00bf PODRE&nbsp; ACTUALIZAR&nbsp; LO&nbsp; QUE&nbsp; PRESENTO&nbsp; ??&nbsp; NO,&nbsp; NO&nbsp; SE&nbsp; PUEDE&nbsp; .&nbsp;&nbsp;<\/strong><\/p>\n\n\n\n<p><strong>SI&nbsp; ESTUDIO&nbsp; DOS&nbsp; CARRERAS, \u00bf&nbsp; DEBO&nbsp; PRESENTAR &nbsp; LA&nbsp; DOCUMENTACION&nbsp; POR&nbsp; LAS&nbsp; DOS&nbsp; CARRERAS?&nbsp; SI ,&nbsp; ES&nbsp; QUE&nbsp; QUIERO&nbsp; QUE&nbsp; ME&nbsp; EVALUEN&nbsp; POR&nbsp; LAS&nbsp; DOS&nbsp; ,&nbsp; PORQUE&nbsp; SI&nbsp; DESPUES&nbsp; QUIERO&nbsp; QUE&nbsp; ME&nbsp; EVALUEN&nbsp; POR&nbsp; LA&nbsp; OTRA&nbsp; NO&nbsp; SE&nbsp; PODR\u00c1&nbsp; HACER&nbsp; .&nbsp; ES&nbsp; POR&nbsp; ESO LA IMPORTANCIA DE CONTAR&nbsp; CON&nbsp; TODA LA DOCUMENTACI\u00d3N&nbsp; Y&nbsp; QUE &nbsp; NO&nbsp; ME&nbsp; FALTE&nbsp; NADA&nbsp; &#8211;&nbsp;&nbsp;<\/strong><\/p>\n\n\n\n<p><strong>LA&nbsp; INSCRIPCION&nbsp; NO&nbsp; SE&nbsp; REPITE&nbsp; &#8211;&nbsp; NO&nbsp; SE&nbsp; ACTUALIZA-&nbsp;&nbsp;<\/strong><\/p>\n\n\n\n<p><strong>LUEGO&nbsp; QUE&nbsp; ME&nbsp; INSCRIBO&nbsp; ME&nbsp; DAR\u00c1N&nbsp; UNA&nbsp; FECHA&nbsp; DE&nbsp; RETIRO&nbsp; QUE&nbsp; ES&nbsp; ESTIMATIVA. &nbsp; DE&nbsp; AH\u00cd&nbsp; EN&nbsp; MAS&nbsp; PORQUE ESTA&nbsp; SUPEDITADO&nbsp; A&nbsp; QUE&nbsp; EL&nbsp; SISTEMA&nbsp; DONDE&nbsp; DEBEMOS&nbsp; TRABAJAR&nbsp; FUNCIONE&nbsp; EN&nbsp; OPTIMAS&nbsp; CONDICIONES&nbsp; .<\/strong><\/p>\n\n\n\n<p><strong>PARA&nbsp; RETIRAR&nbsp; LA&nbsp; EVALUACION&nbsp; DEBERAN&nbsp; TRAER&nbsp; LA&nbsp; PLANILLA&nbsp; DE&nbsp; INSCRIPCION DONDE TENDR\u00c1N UN NUMERO DE INSCRIPCI\u00d3N. SE&nbsp; BUSCA&nbsp; POR&nbsp; NUMERO&nbsp; SIN&nbsp; ESE&nbsp; NUMERO&nbsp; NO&nbsp; SE&nbsp; ENTREGA.&nbsp; EL&nbsp; RETIRO&nbsp; ES&nbsp; PERSONAL.-&nbsp;&nbsp;&nbsp;<\/strong><\/p>\n\n\n\n<p><strong>UNA&nbsp; VEZ&nbsp; EVALUADO&nbsp; DESCARGAR&nbsp; LA&nbsp; OBLEA&nbsp; DE&nbsp; LA&nbsp; PAGINA&nbsp; <\/strong><a href=\"http:\/\/www.abc.gob.ar\"><strong>WWW.ABC.GOB.AR<\/strong><\/a><strong>&nbsp; PID&nbsp; (PUNTAJE&nbsp; INGRESO&nbsp; DOCENCIA) &nbsp; UNA&nbsp; VEZ&nbsp; QUE&nbsp; TENGO OBLEA&nbsp; .&nbsp; DE&nbsp; AH\u00cd&nbsp; EN&nbsp; MAS&nbsp; PODRE&nbsp; POSTULARME&nbsp; A&nbsp; LOS&nbsp; APD.&nbsp;&nbsp;<\/strong><\/p>\n\n\n\n<p><strong>LOS&nbsp; TURNOS&nbsp; SE&nbsp; DAR\u00c1N&nbsp; A&nbsp; PARTIR&nbsp; DEL&nbsp; DIA&nbsp; 15\/02\/2023&nbsp; POR&nbsp; LO&nbsp; CUAL&nbsp; SI&nbsp; ENVIO&nbsp; EMAIL&nbsp; CON&nbsp; ANTERIORIDAD&nbsp; NO&nbsp; SE&nbsp; ME&nbsp; DARA&nbsp; .&nbsp; SE&nbsp; COMENZARA&nbsp; ESE&nbsp; D\u00cdA&nbsp; DE&nbsp; ACUERDO&nbsp; COMO&nbsp; VAYAN&nbsp; ENTRANDO&nbsp; POR&nbsp; HORA&nbsp; LOS&nbsp; EMAIL&nbsp; .&nbsp; TENER&nbsp; PACIENCIA&nbsp; .&nbsp; CUANDO&nbsp; SOLICITO&nbsp; TURNO&nbsp; ADJUNTAR&nbsp; LOS&nbsp; SIGUIENTES&nbsp; DATOS&nbsp;&nbsp;<\/strong><\/p>\n\n\n\n<p><strong>NOMBRE&nbsp; Y&nbsp; APELLIDO :&nbsp;&nbsp;<\/strong><\/p>\n\n\n\n<p><strong>DNI&nbsp; :&nbsp;&nbsp;<\/strong><\/p>\n\n\n\n<p><strong>CORREO&nbsp; DEL&nbsp; ABC.GOB.AR:&nbsp;&nbsp;<\/strong><\/p>\n\n\n\n<p><strong>TELEFONO&nbsp; :&nbsp;&nbsp;&nbsp;<\/strong><\/p>\n\n\n\n<p><strong>SALUDOS&nbsp; CORDIALES&nbsp; <\/strong><\/p>\n\n\n\n<p><strong>CLAUDIA&nbsp; SJ.&nbsp; DE&nbsp; SAD&nbsp; PILAR.&nbsp;<\/strong><\/p>\n\n\n\n<p>                                                                             <\/p>\n\n\n\n<p>&nbsp;&nbsp;<\/p>\n\n\n\n<p><\/p>\n","protected":false},"excerpt":{"rendered":"<p>18-02-2026 COMUNICADO Inscripci\u00f3n Listados 108 A In Fine 2026 &#8211; 108 B In Fine 2026 Per\u00edodo de inscripci\u00f3n: entre el 18\/02\/2026 y el 31\/12\/2026. SAD PILAR informa que las inscripciones que se remitan antes de esa fecha no se tendr\u00e1n en cuenta ya que se debe respetar el calendario) Esta inscripci\u00f3n es para el presente &#8230; <a title=\"Informaci\u00f3n de SAD\" class=\"read-more\" href=\"https:\/\/isfd51-bue.infd.edu.ar\/sitio\/informacion-de-sad\/\" aria-label=\"More on Informaci\u00f3n de SAD\">[+]<\/a><\/p>\n","protected":false},"author":2822,"featured_media":0,"parent":0,"menu_order":0,"comment_status":"closed","ping_status":"closed","template":"","meta":[],"acf":[],"_links":{"self":[{"href":"https:\/\/isfd51-bue.infd.edu.ar\/sitio\/wp-json\/wp\/v2\/pages\/1779"}],"collection":[{"href":"https:\/\/isfd51-bue.infd.edu.ar\/sitio\/wp-json\/wp\/v2\/pages"}],"about":[{"href":"https:\/\/isfd51-bue.infd.edu.ar\/sitio\/wp-json\/wp\/v2\/types\/page"}],"author":[{"embeddable":true,"href":"https:\/\/isfd51-bue.infd.edu.ar\/sitio\/wp-json\/wp\/v2\/users\/2822"}],"replies":[{"embeddable":true,"href":"https:\/\/isfd51-bue.infd.edu.ar\/sitio\/wp-json\/wp\/v2\/comments?post=1779"}],"version-history":[{"count":6,"href":"https:\/\/isfd51-bue.infd.edu.ar\/sitio\/wp-json\/wp\/v2\/pages\/1779\/revisions"}],"predecessor-version":[{"id":2948,"href":"https:\/\/isfd51-bue.infd.edu.ar\/sitio\/wp-json\/wp\/v2\/pages\/1779\/revisions\/2948"}],"wp:attachment":[{"href":"https:\/\/isfd51-bue.infd.edu.ar\/sitio\/wp-json\/wp\/v2\/media?parent=1779"}],"curies":[{"name":"wp","href":"https:\/\/api.w.org\/{rel}","templated":true}]}}