{"id":1982,"date":"2022-09-02T10:43:42","date_gmt":"2022-09-02T13:43:42","guid":{"rendered":"https:\/\/isfd51-bue.infd.edu.ar\/sitio\/?page_id=1982"},"modified":"2025-12-16T14:01:25","modified_gmt":"2025-12-16T17:01:25","slug":"1982-2","status":"publish","type":"page","link":"https:\/\/isfd51-bue.infd.edu.ar\/sitio\/1982-2\/","title":{"rendered":"CAI (Consejo acad\u00e9mico Institucional)"},"content":{"rendered":"\n<p class=\"has-text-align-left\">El s\u00e1bado 16 de noviembre del 2024, luego de seis d\u00edas de votaciones tanto en sede como en ambas extensiones \u00e1ulicas, se culminaron las elecciones para la conformaci\u00f3n del Consejo Acad\u00e9mico Institucional. Agradecemos el acompa\u00f1amiento del Consejo Escolar, su presencia durante todo el proceso y el escrutinio final as\u00ed como tambi\u00e9n a toda la comunidad educativa del ISFD 51 por la participaci\u00f3n y el compromiso.<\/p>\n\n\n\n<p class=\"has-text-align-center\"><strong><mark style=\"background-color:rgba(0, 0, 0, 0)\" class=\"has-inline-color has-accent-color\">CONFORMACI\u00d3N DEL CONSEJO ACAD\u00c9MICO INSTITUCIONAL 2024 &#8211; 2026<\/mark><\/strong><\/p>\n\n\n\n<figure class=\"wp-block-gallery has-nested-images columns-default is-cropped wp-block-gallery-1 is-layout-flex\">\n<figure class=\"wp-block-image size-large\"><img decoding=\"async\" loading=\"lazy\" width=\"628\" height=\"1338\" data-id=\"2897\"  src=\"https:\/\/isfd51-bue.infd.edu.ar\/sitio\/wp-content\/uploads\/2025\/12\/Screenshot_20251216-134634_Docs-1.jpg\" alt=\"\" class=\"wp-image-2897\" srcset=\"https:\/\/isfd51-bue.infd.edu.ar\/sitio\/wp-content\/uploads\/2025\/12\/Screenshot_20251216-134634_Docs-1.jpg 628w, https:\/\/isfd51-bue.infd.edu.ar\/sitio\/wp-content\/uploads\/2025\/12\/Screenshot_20251216-134634_Docs-1-469x1000.jpg 469w\" sizes=\"(max-width: 628px) 100vw, 628px\" \/><\/figure>\n<\/figure>\n\n\n\n<p><img decoding=\"async\" class=\"wp-image-2889\" style=\"width: NaNpx;\" src=\"https:\/\/isfd51-bue.infd.edu.ar\/sitio\/wp-content\/uploads\/2025\/12\/C.A.I.-2024-2026-1.pdf\" alt=\"\"><\/p>\n\n\n\n<figure class=\"wp-block-image size-full\"><img decoding=\"async\" loading=\"lazy\" width=\"1131\" height=\"1600\" src=\"https:\/\/isfd51-bue.infd.edu.ar\/sitio\/wp-content\/uploads\/2025\/03\/IMG-20241116-WA0029-1.jpg\" alt=\"\" class=\"wp-image-2758\" srcset=\"https:\/\/isfd51-bue.infd.edu.ar\/sitio\/wp-content\/uploads\/2025\/03\/IMG-20241116-WA0029-1.jpg 1131w, https:\/\/isfd51-bue.infd.edu.ar\/sitio\/wp-content\/uploads\/2025\/03\/IMG-20241116-WA0029-1-707x1000.jpg 707w, https:\/\/isfd51-bue.infd.edu.ar\/sitio\/wp-content\/uploads\/2025\/03\/IMG-20241116-WA0029-1-768x1086.jpg 768w, https:\/\/isfd51-bue.infd.edu.ar\/sitio\/wp-content\/uploads\/2025\/03\/IMG-20241116-WA0029-1-1086x1536.jpg 1086w\" sizes=\"(max-width: 1131px) 100vw, 1131px\" \/><\/figure>\n\n\n\n<p><\/p>\n\n\n\n<p>El Consejo Acad\u00e9mico Institucional es un \u00f3rgano colegiado de asesoramiento, propuesta, debate y decisi\u00f3n para una gesti\u00f3n participativa, en el marco de la autonom\u00eda institucional en la unidad del sistema educativo del nivel superior, dentro de las regulaciones de la pol\u00edtica educativa jurisdiccional y federal.<\/p>\n\n\n\n<p>El CAI se organiza y desarrolla conforme a los reglamentos internos que \u00e9l mismo otorga, en el marco de lo establecido en la&nbsp;resoluci\u00f3n 4044\/09.<\/p>\n\n\n\n<p>Las decisiones del CAI tienen car\u00e1cter vinculante para la Instituci\u00f3n en aquellos t\u00f3picos detallados en la&nbsp;RES. 4044\/09&nbsp;y car\u00e1cter de asesoramiento en toda otra cuesti\u00f3n que trate a requerimiento del equipo de conducci\u00f3n.<\/p>\n\n\n\n<p><\/p>\n\n\n\n<p><strong>Marco Normativo de Naturaleza, Constituci\u00f3n y Funciones del CAI<\/strong><\/p>\n\n\n\n<div class=\"wp-block-file\"><object class=\"wp-block-file__embed\" data=\"https:\/\/isfd51-bue.infd.edu.ar\/sitio\/wp-content\/uploads\/2023\/03\/res_4044cai.pdf\" type=\"application\/pdf\" style=\"width:100%;height:600px\" aria-label=\"Incrustado de res_4044cai.\"><\/object><a id=\"wp-block-file--media-a2110a5f-8e3f-4ca0-ab79-76f0cf97c521\" href=\"https:\/\/isfd51-bue.infd.edu.ar\/sitio\/wp-content\/uploads\/2023\/03\/res_4044cai.pdf\">res_4044cai<\/a><a href=\"https:\/\/isfd51-bue.infd.edu.ar\/sitio\/wp-content\/uploads\/2023\/03\/res_4044cai.pdf\" class=\"wp-block-file__button wp-element-button\" download aria-describedby=\"wp-block-file--media-a2110a5f-8e3f-4ca0-ab79-76f0cf97c521\">Descarga<\/a><\/div>\n\n\n<div class=\"wp-block-image\">\n<figure class=\"aligncenter size-large is-resized\"><img decoding=\"async\" loading=\"lazy\" src=\"https:\/\/isfd51-bue.infd.edu.ar\/sitio\/wp-content\/uploads\/2022\/09\/IMG-20220902-WA0097.jpg\" alt=\"\" class=\"wp-image-1983\" width=\"448\" height=\"573\"\/><\/figure><\/div>","protected":false},"excerpt":{"rendered":"<p>El s\u00e1bado 16 de noviembre del 2024, luego de seis d\u00edas de votaciones tanto en sede como en ambas extensiones \u00e1ulicas, se culminaron las elecciones para la conformaci\u00f3n del Consejo Acad\u00e9mico Institucional. Agradecemos el acompa\u00f1amiento del Consejo Escolar, su presencia durante todo el proceso y el escrutinio final as\u00ed como tambi\u00e9n a toda la comunidad &#8230; <a title=\"CAI (Consejo acad\u00e9mico Institucional)\" class=\"read-more\" href=\"https:\/\/isfd51-bue.infd.edu.ar\/sitio\/1982-2\/\" aria-label=\"More on CAI (Consejo acad\u00e9mico Institucional)\">[+]<\/a><\/p>\n","protected":false},"author":451,"featured_media":0,"parent":0,"menu_order":0,"comment_status":"closed","ping_status":"closed","template":"","meta":[],"acf":[],"_links":{"self":[{"href":"https:\/\/isfd51-bue.infd.edu.ar\/sitio\/wp-json\/wp\/v2\/pages\/1982"}],"collection":[{"href":"https:\/\/isfd51-bue.infd.edu.ar\/sitio\/wp-json\/wp\/v2\/pages"}],"about":[{"href":"https:\/\/isfd51-bue.infd.edu.ar\/sitio\/wp-json\/wp\/v2\/types\/page"}],"author":[{"embeddable":true,"href":"https:\/\/isfd51-bue.infd.edu.ar\/sitio\/wp-json\/wp\/v2\/users\/451"}],"replies":[{"embeddable":true,"href":"https:\/\/isfd51-bue.infd.edu.ar\/sitio\/wp-json\/wp\/v2\/comments?post=1982"}],"version-history":[{"count":16,"href":"https:\/\/isfd51-bue.infd.edu.ar\/sitio\/wp-json\/wp\/v2\/pages\/1982\/revisions"}],"predecessor-version":[{"id":2902,"href":"https:\/\/isfd51-bue.infd.edu.ar\/sitio\/wp-json\/wp\/v2\/pages\/1982\/revisions\/2902"}],"wp:attachment":[{"href":"https:\/\/isfd51-bue.infd.edu.ar\/sitio\/wp-json\/wp\/v2\/media?parent=1982"}],"curies":[{"name":"wp","href":"https:\/\/api.w.org\/{rel}","templated":true}]}}