{"id":2291,"date":"2023-03-19T17:26:42","date_gmt":"2023-03-19T20:26:42","guid":{"rendered":"https:\/\/isfd51-bue.infd.edu.ar\/sitio\/?page_id=2291"},"modified":"2025-12-12T05:35:21","modified_gmt":"2025-12-12T08:35:21","slug":"instituto","status":"publish","type":"page","link":"https:\/\/isfd51-bue.infd.edu.ar\/sitio\/instituto\/","title":{"rendered":"INSTITUTO"},"content":{"rendered":"\n<p>Autoridades:<\/p>\n\n\n\n<p><strong>Directora<\/strong>: Fabiola Kosik.<\/p>\n\n\n\n<p><strong>Regentes<\/strong>: Carolina Tieppo y Claudia Lopez Arias.<\/p>\n\n\n\n<p><strong>Secretaria<\/strong>: Marcela Roncoroni.<\/p>\n\n\n\n<p>El ISFD N\u00b0 51 ofrece 8 carreras docentes:<\/p>\n\n\n\n<p>1- Profesorado de Educaci\u00f3n Primaria.<\/p>\n\n\n\n<p>2- Profesorado de Educaci\u00f3n Inicial.<\/p>\n\n\n\n<p>3- Profesorado de Educaci\u00f3n Especial con orientaci\u00f3n en Discapacidad Intelectual.<\/p>\n\n\n\n<p>4- Profesorado de Educaci\u00f3n Secundaria en Biolog\u00eda.<\/p>\n\n\n\n<p>5- Profesorado de Educaci\u00f3n Secundaria en Lengua y Literatura.<\/p>\n\n\n\n<p>6- Profesorado de Educaci\u00f3n Secundaria en Matem\u00e1tica.<\/p>\n\n\n\n<p>7- Profesorado de Educaci\u00f3n Secundaria en Geograf\u00eda.<\/p>\n\n\n\n<p>8- Profesorado de Educaci\u00f3n Secundaria en Historia.<\/p>\n","protected":false},"excerpt":{"rendered":"<p>Autoridades: Directora: Fabiola Kosik. Regentes: Carolina Tieppo y Claudia Lopez Arias. Secretaria: Marcela Roncoroni. El ISFD N\u00b0 51 ofrece 8 carreras docentes: 1- Profesorado de Educaci\u00f3n Primaria. 2- Profesorado de Educaci\u00f3n Inicial. 3- Profesorado de Educaci\u00f3n Especial con orientaci\u00f3n en Discapacidad Intelectual. 4- Profesorado de Educaci\u00f3n Secundaria en Biolog\u00eda. 5- Profesorado de Educaci\u00f3n Secundaria en &#8230; <a title=\"INSTITUTO\" class=\"read-more\" href=\"https:\/\/isfd51-bue.infd.edu.ar\/sitio\/instituto\/\" aria-label=\"More on INSTITUTO\">[+]<\/a><\/p>\n","protected":false},"author":451,"featured_media":0,"parent":0,"menu_order":0,"comment_status":"closed","ping_status":"closed","template":"","meta":[],"acf":[],"_links":{"self":[{"href":"https:\/\/isfd51-bue.infd.edu.ar\/sitio\/wp-json\/wp\/v2\/pages\/2291"}],"collection":[{"href":"https:\/\/isfd51-bue.infd.edu.ar\/sitio\/wp-json\/wp\/v2\/pages"}],"about":[{"href":"https:\/\/isfd51-bue.infd.edu.ar\/sitio\/wp-json\/wp\/v2\/types\/page"}],"author":[{"embeddable":true,"href":"https:\/\/isfd51-bue.infd.edu.ar\/sitio\/wp-json\/wp\/v2\/users\/451"}],"replies":[{"embeddable":true,"href":"https:\/\/isfd51-bue.infd.edu.ar\/sitio\/wp-json\/wp\/v2\/comments?post=2291"}],"version-history":[{"count":3,"href":"https:\/\/isfd51-bue.infd.edu.ar\/sitio\/wp-json\/wp\/v2\/pages\/2291\/revisions"}],"predecessor-version":[{"id":2844,"href":"https:\/\/isfd51-bue.infd.edu.ar\/sitio\/wp-json\/wp\/v2\/pages\/2291\/revisions\/2844"}],"wp:attachment":[{"href":"https:\/\/isfd51-bue.infd.edu.ar\/sitio\/wp-json\/wp\/v2\/media?parent=2291"}],"curies":[{"name":"wp","href":"https:\/\/api.w.org\/{rel}","templated":true}]}}