{"id":980,"date":"2018-08-29T16:32:40","date_gmt":"2018-08-29T19:32:40","guid":{"rendered":"https:\/\/isfd51-bue.infd.edu.ar\/sitio\/informacion-general\/"},"modified":"2026-03-17T22:53:49","modified_gmt":"2026-03-18T01:53:49","slug":"informacion-general","status":"publish","type":"page","link":"https:\/\/isfd51-bue.infd.edu.ar\/sitio\/informacion-general\/","title":{"rendered":"Informaci\u00f3n general"},"content":{"rendered":"\n<p>17-03-2026<\/p>\n\n\n\n<figure class=\"wp-block-image size-full\"><img decoding=\"async\" loading=\"lazy\" width=\"1080\" height=\"1063\" src=\"https:\/\/isfd51-bue.infd.edu.ar\/sitio\/wp-content\/uploads\/2026\/03\/Screenshot_20260317_224254_WhatsApp-1.jpg\" alt=\"\" class=\"wp-image-2938\" srcset=\"https:\/\/isfd51-bue.infd.edu.ar\/sitio\/wp-content\/uploads\/2026\/03\/Screenshot_20260317_224254_WhatsApp-1.jpg 1080w, https:\/\/isfd51-bue.infd.edu.ar\/sitio\/wp-content\/uploads\/2026\/03\/Screenshot_20260317_224254_WhatsApp-1-1000x984.jpg 1000w, https:\/\/isfd51-bue.infd.edu.ar\/sitio\/wp-content\/uploads\/2026\/03\/Screenshot_20260317_224254_WhatsApp-1-768x756.jpg 768w\" sizes=\"(max-width: 1080px) 100vw, 1080px\" \/><\/figure>\n\n\n\n<p><a href=\"https:\/\/docs.google.com\/document\/d\/1tT6FxIu4c2ZQv7FRx6C0VFS_4W-NiFteqh_uUwliehY\/edit?usp=drivesdk\" target=\"_blank\" rel=\"noreferrer noopener\">https:\/\/docs.google.com\/document\/d\/1tT6FxIu4c2ZQv7FRx6C0VFS_4W-NiFteqh_uUwliehY\/edit?usp=drivesdk<\/a><\/p>\n\n\n\n<p>Tambi\u00e9n socializamos los d\u00edas de MATRICULACION PRESENCIAL &#x1f447;&#x1f3fb;&#x1f447;&#x1f3fb;&#x1f447;&#x1f3fb;<\/p>\n\n\n\n<figure class=\"wp-block-image size-full\"><img decoding=\"async\" loading=\"lazy\" width=\"1080\" height=\"732\" src=\"https:\/\/isfd51-bue.infd.edu.ar\/sitio\/wp-content\/uploads\/2026\/03\/Screenshot_20260317_225239_WhatsApp.jpg\" alt=\"\" class=\"wp-image-2941\" srcset=\"https:\/\/isfd51-bue.infd.edu.ar\/sitio\/wp-content\/uploads\/2026\/03\/Screenshot_20260317_225239_WhatsApp.jpg 1080w, https:\/\/isfd51-bue.infd.edu.ar\/sitio\/wp-content\/uploads\/2026\/03\/Screenshot_20260317_225239_WhatsApp-1000x678.jpg 1000w, https:\/\/isfd51-bue.infd.edu.ar\/sitio\/wp-content\/uploads\/2026\/03\/Screenshot_20260317_225239_WhatsApp-768x521.jpg 768w\" sizes=\"(max-width: 1080px) 100vw, 1080px\" \/><\/figure>\n\n\n\n<p><\/p>\n\n\n\n<p><\/p>\n\n\n\n<figure class=\"wp-block-image size-full\"><img decoding=\"async\" loading=\"lazy\" width=\"1079\" height=\"1344\" src=\"https:\/\/isfd51-bue.infd.edu.ar\/sitio\/wp-content\/uploads\/2026\/02\/Screenshot_20260213_184516_WhatsApp.jpg\" alt=\"\" class=\"wp-image-2914\" srcset=\"https:\/\/isfd51-bue.infd.edu.ar\/sitio\/wp-content\/uploads\/2026\/02\/Screenshot_20260213_184516_WhatsApp.jpg 1079w, https:\/\/isfd51-bue.infd.edu.ar\/sitio\/wp-content\/uploads\/2026\/02\/Screenshot_20260213_184516_WhatsApp-803x1000.jpg 803w, https:\/\/isfd51-bue.infd.edu.ar\/sitio\/wp-content\/uploads\/2026\/02\/Screenshot_20260213_184516_WhatsApp-768x957.jpg 768w\" sizes=\"(max-width: 1079px) 100vw, 1079px\" \/><\/figure>\n\n\n\n<p>19-02-2024 Informaci\u00f3n Importante.<\/p>\n\n\n\n<p>Ya pod\u00e9s solicitar el boleto Estudiantil<\/p>\n\n\n\n<figure class=\"wp-block-gallery has-nested-images columns-default is-cropped wp-block-gallery-1 is-layout-flex\">\n<figure class=\"wp-block-image size-large\"><img decoding=\"async\" loading=\"lazy\" width=\"1080\" height=\"1829\" data-id=\"2506\"  src=\"https:\/\/isfd51-bue.infd.edu.ar\/sitio\/wp-content\/uploads\/2024\/02\/Screenshot_20240219_133926_Samsung-Internet.jpg\" alt=\"\" class=\"wp-image-2506\" srcset=\"https:\/\/isfd51-bue.infd.edu.ar\/sitio\/wp-content\/uploads\/2024\/02\/Screenshot_20240219_133926_Samsung-Internet.jpg 1080w, https:\/\/isfd51-bue.infd.edu.ar\/sitio\/wp-content\/uploads\/2024\/02\/Screenshot_20240219_133926_Samsung-Internet-590x1000.jpg 590w, https:\/\/isfd51-bue.infd.edu.ar\/sitio\/wp-content\/uploads\/2024\/02\/Screenshot_20240219_133926_Samsung-Internet-768x1301.jpg 768w, https:\/\/isfd51-bue.infd.edu.ar\/sitio\/wp-content\/uploads\/2024\/02\/Screenshot_20240219_133926_Samsung-Internet-907x1536.jpg 907w\" sizes=\"(max-width: 1080px) 100vw, 1080px\" \/><\/figure>\n<\/figure>\n\n\n\n<p><a href=\"https:\/\/www.gba.gob.ar\/transporte\/boleto_estudiantil\">https:\/\/www.gba.gob.ar\/transporte\/boleto_estudiantil<\/a><\/p>\n\n\n<p class=\"MsoNormal\" style=\"text-align: center; margin: 0cm 10.35pt 0pt 0cm; tab-stops: 288.0pt;\"><span style=\"font-size: 12pt;\"><strong><em><span style=\"text-decoration: underline;\">&nbsp;<\/span><\/em><\/strong><\/span><\/p>\n<p class=\"MsoNormal\" style=\"text-indent: -18pt; margin: 0cm 10.35pt 0pt 90pt; text-align: center;\"><strong style=\"mso-bidi-font-weight: normal;\"><span lang=\"ES-TRAD\"><span style=\"font-size: 12pt;\"><span style=\"text-decoration: underline;\"><em>Requisitos administrativos para las inscripciones a las carreras<\/em><\/span><\/span><\/span><\/strong><\/p>\n<p class=\"MsoNormal\" style=\"text-indent: -18pt; margin: 0cm 10.35pt 0pt 90pt; text-align: center;\"><strong style=\"mso-bidi-font-weight: normal;\"><span lang=\"ES-TRAD\"><span style=\"font-size: 12pt;\"><span style=\"text-decoration: underline;\"><em>&nbsp;<\/em><\/span><\/span><\/span><\/strong><\/p>\n<ul>\n<li><span style=\"font-family: arial, helvetica, sans-serif; font-size: 12pt; text-align: justify; text-indent: 0cm;\">Certificado de estudio de Nivel Medio o Polimodal registrado en la Pcia. de Buenos Aires en el Consejo Escolar del lugar de residencia del aspirante; o constancia de t\u00edtulo en tr\u00e1mite. Original y fotocopia.<\/span><\/li>\n<li><span style=\"font-size: 12pt; font-family: arial, helvetica, sans-serif; text-align: justify;\">Presentar DNI original y fotocopias de <\/span>&nbsp;<span style=\"font-size: 12pt; font-family: arial, helvetica, sans-serif; text-align: justify;\">primera hoja, segunda hoja y cambio de domicilio actualizado.<\/span><\/li>\n<li><span style=\"font-family: arial, helvetica, sans-serif; font-size: 12pt; text-align: justify;\">Certificado de aptitud psicof\u00edsica y de aptitud fonoaudiol\u00f3gica (emitido por otorrinolaring\u00f3logo).<\/span><\/li>\n<li><span style=\"font-family: arial, helvetica, sans-serif; font-size: 12pt; text-align: justify;\">Los certificados deben ser de una entidad p\u00fablica.<\/span><\/li>\n<li><span style=\"font-family: arial, helvetica, sans-serif; font-size: 12pt;\">Dos fotos carnet.<\/span><\/li>\n<\/ul>\n<p class=\"MsoNormal\" style=\"margin: 0cm 10.35pt 0pt 0cm; text-align: left;\">\n<\/p><p class=\"MsoNormal\" style=\"margin: 0cm 0cm 0pt; text-align: left;\"><em style=\"mso-bidi-font-style: normal;\"><span lang=\"ES-TRAD\" style=\"font-size: 7pt;\"><span style=\"font-size: 10pt;\"><span style=\"font-family: arial,helvetica,sans-serif;\"><span style=\"font-size: 12pt;\">&nbsp;<\/span><\/span><\/span><\/span><\/em><\/p>\n<p>\u00daltimo momento 05-04-2023<\/p>\n\n\n<figure class=\"wp-block-image size-full\"><img decoding=\"async\" loading=\"lazy\" width=\"1079\" height=\"1524\" src=\"https:\/\/isfd51-bue.infd.edu.ar\/sitio\/wp-content\/uploads\/2023\/04\/Screenshot_20230405_224355_WhatsApp.jpg\" alt=\"\" class=\"wp-image-2358\" srcset=\"https:\/\/isfd51-bue.infd.edu.ar\/sitio\/wp-content\/uploads\/2023\/04\/Screenshot_20230405_224355_WhatsApp.jpg 1079w, https:\/\/isfd51-bue.infd.edu.ar\/sitio\/wp-content\/uploads\/2023\/04\/Screenshot_20230405_224355_WhatsApp-708x1000.jpg 708w, https:\/\/isfd51-bue.infd.edu.ar\/sitio\/wp-content\/uploads\/2023\/04\/Screenshot_20230405_224355_WhatsApp-768x1085.jpg 768w\" sizes=\"(max-width: 1079px) 100vw, 1079px\" \/><\/figure>\n","protected":false},"excerpt":{"rendered":"<p>17-03-2026 https:\/\/docs.google.com\/document\/d\/1tT6FxIu4c2ZQv7FRx6C0VFS_4W-NiFteqh_uUwliehY\/edit?usp=drivesdk Tambi\u00e9n socializamos los d\u00edas de MATRICULACION PRESENCIAL &#x1f447;&#x1f3fb;&#x1f447;&#x1f3fb;&#x1f447;&#x1f3fb; 19-02-2024 Informaci\u00f3n Importante. Ya pod\u00e9s solicitar el boleto Estudiantil https:\/\/www.gba.gob.ar\/transporte\/boleto_estudiantil &nbsp; Requisitos administrativos para las inscripciones a las carreras &nbsp; Certificado de estudio de Nivel Medio o Polimodal registrado en la Pcia. de Buenos Aires en el Consejo Escolar del lugar de residencia del aspirante; &#8230; <a title=\"Informaci\u00f3n general\" class=\"read-more\" href=\"https:\/\/isfd51-bue.infd.edu.ar\/sitio\/informacion-general\/\" aria-label=\"More on Informaci\u00f3n general\">[+]<\/a><\/p>\n","protected":false},"author":2074,"featured_media":0,"parent":0,"menu_order":0,"comment_status":"closed","ping_status":"closed","template":"","meta":[],"acf":[],"_links":{"self":[{"href":"https:\/\/isfd51-bue.infd.edu.ar\/sitio\/wp-json\/wp\/v2\/pages\/980"}],"collection":[{"href":"https:\/\/isfd51-bue.infd.edu.ar\/sitio\/wp-json\/wp\/v2\/pages"}],"about":[{"href":"https:\/\/isfd51-bue.infd.edu.ar\/sitio\/wp-json\/wp\/v2\/types\/page"}],"author":[{"embeddable":true,"href":"https:\/\/isfd51-bue.infd.edu.ar\/sitio\/wp-json\/wp\/v2\/users\/2074"}],"replies":[{"embeddable":true,"href":"https:\/\/isfd51-bue.infd.edu.ar\/sitio\/wp-json\/wp\/v2\/comments?post=980"}],"version-history":[{"count":5,"href":"https:\/\/isfd51-bue.infd.edu.ar\/sitio\/wp-json\/wp\/v2\/pages\/980\/revisions"}],"predecessor-version":[{"id":2942,"href":"https:\/\/isfd51-bue.infd.edu.ar\/sitio\/wp-json\/wp\/v2\/pages\/980\/revisions\/2942"}],"wp:attachment":[{"href":"https:\/\/isfd51-bue.infd.edu.ar\/sitio\/wp-json\/wp\/v2\/media?parent=980"}],"curies":[{"name":"wp","href":"https:\/\/api.w.org\/{rel}","templated":true}]}}