{"id":989,"date":"2018-08-29T16:32:45","date_gmt":"2018-08-29T19:32:45","guid":{"rendered":"https:\/\/isfd51-bue.infd.edu.ar\/sitio\/datos-institucionales\/"},"modified":"2025-12-11T08:16:45","modified_gmt":"2025-12-11T11:16:45","slug":"datos-institucionales","status":"publish","type":"page","link":"https:\/\/isfd51-bue.infd.edu.ar\/sitio\/datos-institucionales\/","title":{"rendered":"Datos institucionales"},"content":{"rendered":"<blockquote>\n<p style=\"text-align: center;\"><strong><em><u>Requisitos administrativos para las inscripciones a las carreras<\/u><\/em><\/strong><\/p>\n<div><b><u><span style=\"font-size: large;\">DOCUMENTACI\u00d3N<\/span><\/u><\/b>:\u00a0<b>(entregar en un folio oficio)<\/b><\/div>\n<div><\/div>\n<div><b><i>1- Certificado de Estudios de Nivel Secundario o constancia de t\u00edtulo en tr\u00e1mite, o bien, constancia de estudiante regular del \u00faltimo a\u00f1o donde conste que no adeuda materias.<\/i><\/b><\/div>\n<div><b><i>2- DNI original y fotocopias de ambas caras.<\/i><\/b><\/div>\n<div><b><i>3- Partida de Nacimiento original y fotocopia.<\/i><\/b><\/div>\n<div><b><i>4- Certificado de aptitud psicol\u00f3gica (firmada por psic\u00f3logo\/a).<\/i><\/b><\/div>\n<div><b><i>5- Certificado de aptitud f\u00edsica (firmada por m\u00e9dico\/a cl\u00ednico\/a).<\/i><\/b><\/div>\n<div><b><i>6- Certificado de aptitud fonoaudiol\u00f3gica (firmada por otorrinolaring\u00f3logo\/a).<\/i><\/b><\/div>\n<div><b><i>7- Planilla de inscripci\u00f3n disponible aqu\u00ed \u2192 <a href=\"https:\/\/drive.google.com\/file\/d\/1BU6ANUDbnEE73IWdJxbGZ1q8UzLycne3\/view?usp=sharing\">Planilla de Inscripci\u00f3n<\/a>, completa con foto carnet, escrita con letra legible (preferentemente con computadora) en folio tama\u00f1o oficio.<\/i><\/b><\/div>\n<div><\/div>\n<\/blockquote>\n","protected":false},"excerpt":{"rendered":"<p>Requisitos administrativos para las inscripciones a las carreras DOCUMENTACI\u00d3N:\u00a0(entregar en un folio oficio) 1- Certificado de Estudios de Nivel Secundario o constancia de t\u00edtulo en tr\u00e1mite, o bien, constancia de estudiante regular del \u00faltimo a\u00f1o donde conste que no adeuda materias. 2- DNI original y fotocopias de ambas caras. 3- Partida de Nacimiento original y &#8230; <a title=\"Datos institucionales\" class=\"read-more\" href=\"https:\/\/isfd51-bue.infd.edu.ar\/sitio\/datos-institucionales\/\" aria-label=\"More on Datos institucionales\">[+]<\/a><\/p>\n","protected":false},"author":2074,"featured_media":0,"parent":0,"menu_order":0,"comment_status":"closed","ping_status":"closed","template":"","meta":[],"acf":[],"_links":{"self":[{"href":"https:\/\/isfd51-bue.infd.edu.ar\/sitio\/wp-json\/wp\/v2\/pages\/989"}],"collection":[{"href":"https:\/\/isfd51-bue.infd.edu.ar\/sitio\/wp-json\/wp\/v2\/pages"}],"about":[{"href":"https:\/\/isfd51-bue.infd.edu.ar\/sitio\/wp-json\/wp\/v2\/types\/page"}],"author":[{"embeddable":true,"href":"https:\/\/isfd51-bue.infd.edu.ar\/sitio\/wp-json\/wp\/v2\/users\/2074"}],"replies":[{"embeddable":true,"href":"https:\/\/isfd51-bue.infd.edu.ar\/sitio\/wp-json\/wp\/v2\/comments?post=989"}],"version-history":[{"count":10,"href":"https:\/\/isfd51-bue.infd.edu.ar\/sitio\/wp-json\/wp\/v2\/pages\/989\/revisions"}],"predecessor-version":[{"id":2840,"href":"https:\/\/isfd51-bue.infd.edu.ar\/sitio\/wp-json\/wp\/v2\/pages\/989\/revisions\/2840"}],"wp:attachment":[{"href":"https:\/\/isfd51-bue.infd.edu.ar\/sitio\/wp-json\/wp\/v2\/media?parent=989"}],"curies":[{"name":"wp","href":"https:\/\/api.w.org\/{rel}","templated":true}]}}