{"id":997,"date":"2018-08-29T16:32:48","date_gmt":"2018-08-29T19:32:48","guid":{"rendered":"https:\/\/isfd51-bue.infd.edu.ar\/sitio\/historia\/"},"modified":"2025-12-11T08:53:23","modified_gmt":"2025-12-11T11:53:23","slug":"historia","status":"publish","type":"page","link":"https:\/\/isfd51-bue.infd.edu.ar\/sitio\/historia\/","title":{"rendered":"Historia"},"content":{"rendered":"<p><span style=\"font-size: 10pt;\"><span style=\"font-family: arial,helvetica,sans-serif;\">El Instituto Superior de Formaci\u00f3n Docente N\u00ba 51, comenz\u00f3 sus actividades educativas en el a\u00f1o 1978, con el Profesorado de Educaci\u00f3n Primaria y el Profesorado de Educaci\u00f3n Inicial.<\/span><\/span><\/p>\n<p><span style=\"font-size: 10pt;\"><span style=\"font-family: arial,helvetica,sans-serif;\">Si bien se cierra la Carrera de Educaci\u00f3n Inicial, posteriormente se abren el Profesorado de Lengua y Literatura y el Profesorado de Biolog\u00eda.<\/span><\/span><\/p>\n<p><span style=\"font-size: 10pt;\"><span style=\"font-family: arial,helvetica,sans-serif;\">En el a\u00f1o 2006, se abre la primer cohorte en el Post\u00edtulo para Educaci\u00f3n de Adultos y el Tramo de Formaci\u00f3n Docente.<\/span><\/span><\/p>\n<p><span style=\"font-size: 10pt;\"><span style=\"font-family: arial,helvetica,sans-serif;\">En el a\u00f1o 2007 se da apertura al Profesorado de Historia.<\/span><\/span><\/p>\n<p><span style=\"font-size: 10pt;\"><span style=\"font-family: arial,helvetica,sans-serif;\">En el a\u00f1o 2008, comienza a dictarse en nuestro Instituto, la segunda cohorte en\u00a0el Post\u00edtulo para Educaci\u00f3n de Adultos y el Tramo de Formaci\u00f3n Docente.<\/span><\/span><\/p>\n<p><span style=\"font-size: 10pt;\"><span style=\"font-family: arial,helvetica,sans-serif;\">En el a\u00f1o\u00a02009, el Profesorado de Educaci\u00f3n Inicial, se suma nuevamente a nuestra propuesta educativa.<\/span><\/span><\/p>\n<p><span style=\"font-size: 10pt;\"><span style=\"font-family: arial,helvetica,sans-serif;\">Actualmente el Instituto cuenta con ocho Profesorados.<\/span><\/span><\/p>\n<p><span style=\"font-size: 10pt;\"><span style=\"font-family: arial,helvetica,sans-serif;\">\u00a0<\/span><\/span><\/p>\n","protected":false},"excerpt":{"rendered":"<p>El Instituto Superior de Formaci\u00f3n Docente N\u00ba 51, comenz\u00f3 sus actividades educativas en el a\u00f1o 1978, con el Profesorado de Educaci\u00f3n Primaria y el Profesorado de Educaci\u00f3n Inicial. Si bien se cierra la Carrera de Educaci\u00f3n Inicial, posteriormente se abren el Profesorado de Lengua y Literatura y el Profesorado de Biolog\u00eda. En el a\u00f1o 2006, &#8230; <a title=\"Historia\" class=\"read-more\" href=\"https:\/\/isfd51-bue.infd.edu.ar\/sitio\/historia\/\" aria-label=\"More on Historia\">[+]<\/a><\/p>\n","protected":false},"author":2074,"featured_media":0,"parent":0,"menu_order":0,"comment_status":"closed","ping_status":"closed","template":"","meta":[],"acf":[],"_links":{"self":[{"href":"https:\/\/isfd51-bue.infd.edu.ar\/sitio\/wp-json\/wp\/v2\/pages\/997"}],"collection":[{"href":"https:\/\/isfd51-bue.infd.edu.ar\/sitio\/wp-json\/wp\/v2\/pages"}],"about":[{"href":"https:\/\/isfd51-bue.infd.edu.ar\/sitio\/wp-json\/wp\/v2\/types\/page"}],"author":[{"embeddable":true,"href":"https:\/\/isfd51-bue.infd.edu.ar\/sitio\/wp-json\/wp\/v2\/users\/2074"}],"replies":[{"embeddable":true,"href":"https:\/\/isfd51-bue.infd.edu.ar\/sitio\/wp-json\/wp\/v2\/comments?post=997"}],"version-history":[{"count":1,"href":"https:\/\/isfd51-bue.infd.edu.ar\/sitio\/wp-json\/wp\/v2\/pages\/997\/revisions"}],"predecessor-version":[{"id":2847,"href":"https:\/\/isfd51-bue.infd.edu.ar\/sitio\/wp-json\/wp\/v2\/pages\/997\/revisions\/2847"}],"wp:attachment":[{"href":"https:\/\/isfd51-bue.infd.edu.ar\/sitio\/wp-json\/wp\/v2\/media?parent=997"}],"curies":[{"name":"wp","href":"https:\/\/api.w.org\/{rel}","templated":true}]}}