{"id":999,"date":"2018-08-29T16:32:49","date_gmt":"2018-08-29T19:32:49","guid":{"rendered":"https:\/\/isfd51-bue.infd.edu.ar\/sitio\/ubicacion\/"},"modified":"2025-12-11T08:51:53","modified_gmt":"2025-12-11T11:51:53","slug":"ubicacion","status":"publish","type":"page","link":"https:\/\/isfd51-bue.infd.edu.ar\/sitio\/ubicacion\/","title":{"rendered":"Ubicaci\u00f3n"},"content":{"rendered":"<p><span style=\"font-weight: 400;\">El ISFD N\u00b0 51 funciona en una sede y dos extensiones \u00e1ulicas:<\/span><\/p>\n<p><b>SEDE<\/b><span style=\"font-weight: 400;\">: EP N\u00b0 1 sita en Rivadavia 602. Aqu\u00ed se dicta el Profesorado deEducaci\u00f3n Primaria, el Profesorado de Educaci\u00f3n Secundaria en Historia y el Profesorado de Educaci\u00f3n Secundaria en Biolog\u00eda.<\/span><\/p>\n<p><b>EXTENSI\u00d3N \u00c1ULICA 1<\/b><span style=\"font-weight: 400;\">: ES N\u00b0 8 sita en Pelagio Luna 1200. Aqu\u00ed se dicta el Profesorado de Educaci\u00f3n Inicial, el Profesorado de Educaci\u00f3n Secundaria en Lengua y Literatura, el Profesorado de Educaci\u00f3n Secundaria en Matem\u00e1tica y el Profesorado de Educaci\u00f3n Secundaria en Geograf\u00eda.<\/span><\/p>\n<p><b>EXTENSI\u00d3N \u00c1ULICA 2<\/b><span style=\"font-weight: 400;\">: EEE N\u00b0 501 sita en Bolivar 310. Aqu\u00ed se dicta el Profesorado de Educaci\u00f3n Especial con orientaci\u00f3n en Discapacidad Intelectual.<\/span><\/p>\n<p style=\"text-align: justify;\"><span style=\"font-family: arial,helvetica,sans-serif;\"><span style=\"font-size: 10pt;\"><span style=\"font-family: arial,helvetica,sans-serif;\"><span style=\"font-size: 12pt;\">Tel: (0230) 4420353 \/ 4422804<\/span><\/span><\/span><\/span><span style=\"font-size: 12pt;\"><span style=\"font-family: arial,helvetica,sans-serif;\"><span style=\"font-size: 12pt;\">\u00a0<\/span><\/span><\/span><\/p>\n<p><iframe loading=\"lazy\" style=\"border: 0;\" src=\"https:\/\/www.google.com\/maps\/embed?pb=!1m18!1m12!1m3!1d822.4377400464882!2d-58.9128868585013!3d-34.45846914322749!2m3!1f0!2f0!3f0!3m2!1i1024!2i768!4f13.1!3m3!1m2!1s0x0%3A0xdaf13a86fabb37fc!2sInstituto%20Superior%20de%20Formaci%C3%B3n%20Docente%20N%C2%B051!5e0!3m2!1ses-419!2sar!4v1623532351067!5m2!1ses-419!2sar\" width=\"600\" height=\"450\" allowfullscreen=\"allowfullscreen\"><\/iframe><\/p>\n","protected":false},"excerpt":{"rendered":"<p>El ISFD N\u00b0 51 funciona en una sede y dos extensiones \u00e1ulicas: SEDE: EP N\u00b0 1 sita en Rivadavia 602. Aqu\u00ed se dicta el Profesorado deEducaci\u00f3n Primaria, el Profesorado de Educaci\u00f3n Secundaria en Historia y el Profesorado de Educaci\u00f3n Secundaria en Biolog\u00eda. EXTENSI\u00d3N \u00c1ULICA 1: ES N\u00b0 8 sita en Pelagio Luna 1200. Aqu\u00ed se &#8230; <a title=\"Ubicaci\u00f3n\" class=\"read-more\" href=\"https:\/\/isfd51-bue.infd.edu.ar\/sitio\/ubicacion\/\" aria-label=\"More on Ubicaci\u00f3n\">[+]<\/a><\/p>\n","protected":false},"author":2074,"featured_media":0,"parent":0,"menu_order":0,"comment_status":"closed","ping_status":"closed","template":"","meta":[],"acf":[],"_links":{"self":[{"href":"https:\/\/isfd51-bue.infd.edu.ar\/sitio\/wp-json\/wp\/v2\/pages\/999"}],"collection":[{"href":"https:\/\/isfd51-bue.infd.edu.ar\/sitio\/wp-json\/wp\/v2\/pages"}],"about":[{"href":"https:\/\/isfd51-bue.infd.edu.ar\/sitio\/wp-json\/wp\/v2\/types\/page"}],"author":[{"embeddable":true,"href":"https:\/\/isfd51-bue.infd.edu.ar\/sitio\/wp-json\/wp\/v2\/users\/2074"}],"replies":[{"embeddable":true,"href":"https:\/\/isfd51-bue.infd.edu.ar\/sitio\/wp-json\/wp\/v2\/comments?post=999"}],"version-history":[{"count":8,"href":"https:\/\/isfd51-bue.infd.edu.ar\/sitio\/wp-json\/wp\/v2\/pages\/999\/revisions"}],"predecessor-version":[{"id":2846,"href":"https:\/\/isfd51-bue.infd.edu.ar\/sitio\/wp-json\/wp\/v2\/pages\/999\/revisions\/2846"}],"wp:attachment":[{"href":"https:\/\/isfd51-bue.infd.edu.ar\/sitio\/wp-json\/wp\/v2\/media?parent=999"}],"curies":[{"name":"wp","href":"https:\/\/api.w.org\/{rel}","templated":true}]}}